{"id":6177,"date":"2025-07-18T12:51:57","date_gmt":"2025-07-18T10:51:57","guid":{"rendered":"https:\/\/tributo.pl\/?post_type=product&#038;p=6177"},"modified":"2026-01-22T19:26:39","modified_gmt":"2026-01-22T18:26:39","slug":"gotowa-umowa-b2b-dla-ksiegowej-wariant-i-stale-wynagrodzenie","status":"publish","type":"product","link":"https:\/\/tributo.pl\/en\/produkt\/gotowa-umowa-b2b-dla-ksiegowej-wariant-i-stale-wynagrodzenie\/","title":{"rendered":"Umowa B2B dla ksi\u0119gowej &#8211; wz\u00f3r dla biura rachunkowego (prowizja i sta\u0142e wynagrodzenie)"},"content":{"rendered":"<p data-start=\"883\" data-end=\"1182\">Je\u015bli prowadzisz biuro rachunkowe i wsp\u00f3\u0142pracujesz z ksi\u0119gow\u0105 na zasadach B2B, potrzebujesz dokumentu, kt\u00f3ry <strong data-start=\"992\" data-end=\"1024\">naprawd\u0119 reguluje wsp\u00f3\u0142prac\u0119<\/strong>, a nie tylko \u201ejako\u015b j\u0105 opisuje\u201d.<br data-start=\"1057\" data-end=\"1060\" \/>Ta <strong data-start=\"1063\" data-end=\"1097\">gotowa umowa B2B dla ksi\u0119gowej<\/strong> zosta\u0142a przygotowana w\u0142a\u015bnie z my\u015bl\u0105 o relacji: <strong data-start=\"1146\" data-end=\"1181\">biuro rachunkowe \u2013 podwykonawca ksi\u0119gowa<\/strong>.<\/p>\n<p data-start=\"1184\" data-end=\"1324\">To <strong data-start=\"1229\" data-end=\"1271\">konkretny wz\u00f3r umowy B2B dla ksi\u0119gowej<\/strong>, kt\u00f3ry uwzgl\u0119dnia realia pracy w biurze rachunkowym.<\/p>\n<h3 data-start=\"1331\" data-end=\"1370\">Co zawiera ta umowa B2B z ksi\u0119gow\u0105?<\/h3>\n<p data-start=\"1372\" data-end=\"1402\">W dokumencie znajdziesz m.in.:<\/p>\n<ul data-start=\"1404\" data-end=\"1733\">\n<li data-start=\"1404\" data-end=\"1465\">\n<p data-start=\"1406\" data-end=\"1465\">dok\u0142adnie opisany <strong data-start=\"1424\" data-end=\"1447\">przedmiot umowy B2B<\/strong> (us\u0142ugi ksi\u0119gowe)<\/p>\n<\/li>\n<li data-start=\"1466\" data-end=\"1517\">\n<p data-start=\"1468\" data-end=\"1517\">zakres obowi\u0105zk\u00f3w ksi\u0119gowej jako <strong data-start=\"1501\" data-end=\"1517\">podwykonawcy<\/strong><\/p>\n<\/li>\n<li data-start=\"1518\" data-end=\"1558\">\n<p data-start=\"1520\" data-end=\"1558\">zasady wsp\u00f3\u0142pracy z biurem rachunkowym<\/p>\n<\/li>\n<li data-start=\"1559\" data-end=\"1603\">\n<p data-start=\"1561\" data-end=\"1603\"><strong data-start=\"1561\" data-end=\"1584\">sta\u0142e wynagrodzenie\/prowizyjne wynagrodzenie<\/strong>\u00a0i spos\u00f3b rozlicze\u0144<\/p>\n<\/li>\n<li data-start=\"1604\" data-end=\"1652\">\n<p data-start=\"1606\" data-end=\"1652\">odpowiedzialno\u015b\u0107 stron i kwestie organizacyjne<\/p>\n<\/li>\n<li data-start=\"1653\" data-end=\"1705\">\n<p data-start=\"1655\" data-end=\"1705\">zapisy dotycz\u0105ce poufno\u015bci i bezpiecze\u0144stwa danych<\/p>\n<\/li>\n<li data-start=\"1706\" data-end=\"1733\">\n<p data-start=\"1708\" data-end=\"1733\">warunki rozwi\u0105zania umowy<\/p>\n<\/li>\n<\/ul>\n<p data-start=\"1735\" data-end=\"1840\">Dzi\u0119ki temu masz jasno\u015b\u0107, <strong data-start=\"1761\" data-end=\"1806\">kto, za co i na jakich zasadach odpowiada.<\/strong><\/p>\n<h3 data-start=\"1847\" data-end=\"1884\"><\/h3>\n<h3 data-start=\"1847\" data-end=\"1884\">Dla kogo jest ten wz\u00f3r umowy B2B?<\/h3>\n<p data-start=\"1886\" data-end=\"1918\">Ten produkt sprawdzi si\u0119, je\u015bli:<\/p>\n<ul data-start=\"1919\" data-end=\"2151\">\n<li data-start=\"1919\" data-end=\"1952\">\n<p data-start=\"1921\" data-end=\"1952\">prowadzisz <strong data-start=\"1932\" data-end=\"1952\">biuro rachunkowe<\/strong><\/p>\n<\/li>\n<li data-start=\"1953\" data-end=\"2012\">\n<p data-start=\"1955\" data-end=\"2012\">wsp\u00f3\u0142pracujesz lub planujesz wsp\u00f3\u0142prac\u0119 z ksi\u0119gow\u0105 na B2B<\/p>\n<\/li>\n<li data-start=\"2013\" data-end=\"2077\">\n<p data-start=\"2015\" data-end=\"2077\">szukasz <strong data-start=\"2023\" data-end=\"2055\">gotowej umowy B2B z ksi\u0119gow\u0105<\/strong>, a nie og\u00f3lnego wzoru<\/p>\n<\/li>\n<li data-start=\"2078\" data-end=\"2151\">\n<p data-start=\"2080\" data-end=\"2151\">chcesz uporz\u0105dkowa\u0107 wsp\u00f3\u0142prac\u0119 z podwykonawc\u0105 bez pisania umowy od zera<\/p>\n<\/li>\n<\/ul>\n<p data-start=\"2153\" data-end=\"2286\">To rozwi\u0105zanie zar\u00f3wno dla nowych biur, jak i tych, kt\u00f3re chc\u0105 <strong data-start=\"2216\" data-end=\"2248\">wreszcie mie\u0107 porz\u0105dn\u0105 umow\u0119<\/strong>, a nie dokument \u201ena wszelki wypadek\u201d.<\/p>\n<p data-start=\"2153\" data-end=\"2286\"><strong>Dlaczego warto wybra\u0107 t\u0119 umow\u0119?<\/strong><\/p>\n<ul data-start=\"2330\" data-end=\"2556\">\n<li data-start=\"2330\" data-end=\"2398\">\n<p data-start=\"2332\" data-end=\"2398\">to <strong data-start=\"2335\" data-end=\"2369\">gotowa umowa B2B dla ksi\u0119gowej<\/strong>, a nie uniwersalny szablon<\/p>\n<\/li>\n<li data-start=\"2399\" data-end=\"2466\">\n<p data-start=\"2401\" data-end=\"2466\">zosta\u0142a przygotowana z my\u015bl\u0105 o realnej pracy biura rachunkowego<\/p>\n<\/li>\n<li data-start=\"2467\" data-end=\"2515\">\n<p data-start=\"2469\" data-end=\"2515\">oszcz\u0119dza czas, nerwy i poprawki \u201ew trakcie\u201d<\/p>\n<\/li>\n<li data-start=\"2516\" data-end=\"2556\">\n<p data-start=\"2518\" data-end=\"2556\">mo\u017cesz j\u0105 wdro\u017cy\u0107 od razu po zakupie<\/p>\n<\/li>\n<\/ul>\n<p data-start=\"2558\" data-end=\"2691\">Je\u015bli szukasz <strong data-start=\"2572\" data-end=\"2613\">umowy B2B biuro rachunkowe \u2013 ksi\u0119gowa<\/strong>, kt\u00f3ra jest konkretna, czytelna i praktyczna, to jest dok\u0142adnie ten dokument.<\/p>\n","protected":false},"excerpt":{"rendered":"<p><strong data-start=\"440\" data-end=\"474\">Gotowa umowa B2B dla ksi\u0119gowej<\/strong> przeznaczona do wsp\u00f3\u0142pracy mi\u0119dzy <strong data-start=\"509\" data-end=\"546\">biurem rachunkowym a podwykonawc\u0105<\/strong>.<br data-start=\"547\" data-end=\"550\" \/>Zawiera jasne zasady wsp\u00f3\u0142pracy, odpowiedzialno\u015bci i <b>wariant ze sta\u0142ym wynagrodzeniem i procentowym.\u00a0<\/b><\/p>\n<p>Stworzony przez prawnika, zawiera szczeg\u00f3\u0142owy zakres obowi\u0105zk\u00f3w, zobowi\u0105zania stron i klauzule zabezpieczaj\u0105ce Twoje biuro. Dost\u0119pny w dw\u00f3ch wariantach: z wynagrodzeniem sta\u0142ym lub prowizyjnym. Idealny dla biur rachunkowych, kt\u00f3re chc\u0105 dzia\u0142a\u0107 profesjonalnie i bezpiecznie.<\/p>\n<p>&nbsp;<\/p>\n","protected":false},"featured_media":6182,"comment_status":"open","ping_status":"closed","template":"","meta":[],"product_cat":[31],"product_tag":[89,88,91,90],"class_list":{"0":"post-6177","1":"product","2":"type-product","3":"status-publish","4":"has-post-thumbnail","6":"product_cat-bez-kategorii","7":"product_tag-umowab2bbiurorachunkowe","8":"product_tag-umowab2bksiegowa","9":"product_tag-umowadlabiurarachunkowego","10":"product_tag-uslugiksiegoweb2b","11":"hentry","13":"first","14":"instock","15":"downloadable","16":"virtual","17":"purchasable","18":"product-type-simple"},"_links":{"self":[{"href":"https:\/\/tributo.pl\/en\/wp-json\/wp\/v2\/product\/6177","targetHints":{"allow":["GET"]}}],"collection":[{"href":"https:\/\/tributo.pl\/en\/wp-json\/wp\/v2\/product"}],"about":[{"href":"https:\/\/tributo.pl\/en\/wp-json\/wp\/v2\/types\/product"}],"replies":[{"embeddable":true,"href":"https:\/\/tributo.pl\/en\/wp-json\/wp\/v2\/comments?post=6177"}],"wp:featuredmedia":[{"embeddable":true,"href":"https:\/\/tributo.pl\/en\/wp-json\/wp\/v2\/media\/6182"}],"wp:attachment":[{"href":"https:\/\/tributo.pl\/en\/wp-json\/wp\/v2\/media?parent=6177"}],"wp:term":[{"taxonomy":"product_cat","embeddable":true,"href":"https:\/\/tributo.pl\/en\/wp-json\/wp\/v2\/product_cat?post=6177"},{"taxonomy":"product_tag","embeddable":true,"href":"https:\/\/tributo.pl\/en\/wp-json\/wp\/v2\/product_tag?post=6177"}],"curies":[{"name":"wp","href":"https:\/\/api.w.org\/{rel}","templated":true}]}}