{"id":6053,"date":"2025-05-21T10:07:33","date_gmt":"2025-05-21T08:07:33","guid":{"rendered":"https:\/\/tributo.pl\/?post_type=product&#038;p=6053"},"modified":"2025-05-21T10:07:33","modified_gmt":"2025-05-21T08:07:33","slug":"rentownosc-biura-rachunkowego-excel-kalkulator","status":"publish","type":"product","link":"https:\/\/tributo.pl\/en\/produkt\/rentownosc-biura-rachunkowego-excel-kalkulator\/","title":{"rendered":"Rentowno\u015b\u0107 biura rachunkowego &#8211; excel kalkulator"},"content":{"rendered":"<p>Nie wiesz jak rozwija\u0107 swoje biuro? Zacznij od liczenia rentowno\u015bci.<\/p>\n<p>\u017beby podj\u0105\u0107 m\u0105dre i trafne decyzje trzeba wiedzie\u0107, kt\u00f3re obszary na siebie zarabiaj\u0105, a kt\u00f3re przynosz\u0105 zbyt ma\u0142e zyski lub strat\u0119.<\/p>\n<h3>Dzi\u0119ki naszemu narz\u0119dziu ju\u017c po pierwszym miesi\u0105cu dowiesz si\u0119:<\/h3>\n<ul>\n<li>kt\u00f3ry klient jest najbardziej rentowny<\/li>\n<li>jaka czynno\u015b\u0107 zabiera Tobie lub Twojemu pracownikowi najwi\u0119cej czasu u danego klienta<\/li>\n<li>czy wynagrodzenie Twojego pracownika jest adekwatne<\/li>\n<li>czy Tw\u00f3j cennik z danym klientem jest satysfakcjonuj\u0105cy<\/li>\n<li>czy Twoje biuro jest rentowne<\/li>\n<\/ul>\n<h3 class=\"\" data-start=\"1044\" data-end=\"1067\"><strong data-start=\"1048\" data-end=\"1067\">Dlaczego warto?<\/strong><\/h3>\n<ul>\n<li data-start=\"1070\" data-end=\"1176\">Prosta obs\u0142uga: Narz\u0119dzie dzia\u0142a na Excelu, wi\u0119c jest intuicyjne i nie wymaga specjalistycznej wiedzy.<\/li>\n<li data-start=\"1179\" data-end=\"1311\">Precyzyjna analiza: Dzi\u0119ki niemu \u0142atwo zrozumiesz, kt\u00f3re obszary Twojego biura wymagaj\u0105 poprawy i jak zoptymalizowa\u0107 rentowno\u015b\u0107.<\/li>\n<li data-start=\"1314\" data-end=\"1423\">Bezpieczne dane: Excel zapewnia bezpiecze\u0144stwo danych i pozwala na ich elastyczn\u0105 edycj\u0119 w miar\u0119 potrzeb.<\/li>\n<li data-start=\"1426\" data-end=\"1559\">Dostosowanie do Twoich potrzeb: Narz\u0119dzie dzia\u0142a w r\u00f3\u017cnych biurach rachunkowych \u2013 niezale\u017cnie od ich wielko\u015bci czy specjalizacji.<\/li>\n<\/ul>\n<h3 class=\"\" data-start=\"1926\" data-end=\"1960\"><strong data-start=\"1930\" data-end=\"1960\">Korzy\u015bci, kt\u00f3re zyskujesz:<\/strong><\/h3>\n<ul>\n<li data-start=\"1963\" data-end=\"2094\">Wi\u0119ksza kontrola nad finansami: Dzi\u0119ki szczeg\u00f3\u0142owym raportom dok\u0142adnie zrozumiesz, jakie s\u0105 mocne i s\u0142abe strony Twojego biura.<\/li>\n<li data-start=\"2097\" data-end=\"2228\">Lepsze decyzje biznesowe: Korzystaj\u0105c z rzetelnych danych, podejmiesz trafniejsze decyzje, kt\u00f3re wp\u0142yn\u0105 na rozw\u00f3j Twojej firmy.<\/li>\n<li data-start=\"2231\" data-end=\"2358\">Oszcz\u0119dno\u015b\u0107 czasu: Automatyzacja oblicze\u0144 pozwoli Ci zaoszcz\u0119dzi\u0107 czas, kt\u00f3ry do tej pory po\u015bwi\u0119ca\u0142e\u015b na r\u0119czne obliczenia.<\/li>\n<\/ul>\n","protected":false},"excerpt":{"rendered":"<h3 class=\"\" data-start=\"41\" data-end=\"98\"><strong data-start=\"45\" data-end=\"98\">Kalkulator rentowno\u015bci biura rachunkowego \u2013 Excel<\/strong><\/h3>\n<p class=\"\" data-start=\"100\" data-end=\"349\">Nasze narz\u0119dzie pomo\u017ce Ci \u0142atwo obliczy\u0107 rentowno\u015b\u0107 Twojego biura rachunkowego, pracownik\u00f3w i klient\u00f3w. Dzi\u0119ki prostemu kalkulatorowi w Excelu szybko przeanalizujesz przychody, koszty i efektywno\u015b\u0107, co pozwoli Ci podejmowa\u0107 lepsze decyzje finansowe.<\/p>\n<p class=\"\" data-start=\"351\" data-end=\"363\"><strong data-start=\"351\" data-end=\"363\">Funkcje:<\/strong><\/p>\n<ul data-start=\"364\" data-end=\"485\">\n<li class=\"\" data-start=\"364\" data-end=\"419\">\n<p class=\"\" data-start=\"366\" data-end=\"419\">Obliczanie rentowno\u015bci biura, pracownik\u00f3w i klient\u00f3w.<\/p>\n<\/li>\n<li class=\"\" data-start=\"420\" data-end=\"452\">\n<p class=\"\" data-start=\"422\" data-end=\"452\">Generowanie raport\u00f3w w Excelu.<\/p>\n<\/li>\n<li class=\"\" data-start=\"453\" data-end=\"485\">\n<p class=\"\" data-start=\"455\" data-end=\"485\">Prosta obs\u0142uga i elastyczno\u015b\u0107.<\/p>\n<\/li>\n<\/ul>\n<p class=\"\" data-start=\"487\" data-end=\"603\">Idealne dla biur rachunkowych, konsultant\u00f3w finansowych i firm, kt\u00f3re chc\u0105 zoptymalizowa\u0107 swoje koszty i rentowno\u015b\u0107.<\/p>\n<p class=\"\" data-start=\"605\" data-end=\"710\"><strong data-start=\"605\" data-end=\"710\">Zainwestuj w narz\u0119dzie, kt\u00f3re pomo\u017ce Ci poprawi\u0107 efektywno\u015b\u0107 i rentowno\u015b\u0107 Twojego biura rachunkowego!<\/strong><\/p>\n","protected":false},"featured_media":6056,"comment_status":"open","ping_status":"closed","template":"","meta":[],"product_cat":[42],"product_tag":[86,87,48,85,57],"class_list":{"0":"post-6053","1":"product","2":"type-product","3":"status-publish","4":"has-post-thumbnail","6":"product_cat-klient","7":"product_tag-cennik","8":"product_tag-ceny","9":"product_tag-kalkulator","10":"product_tag-rentownosc","11":"product_tag-zarzadzanie","12":"hentry","14":"first","15":"instock","16":"downloadable","17":"virtual","18":"purchasable","19":"product-type-simple"},"_links":{"self":[{"href":"https:\/\/tributo.pl\/en\/wp-json\/wp\/v2\/product\/6053","targetHints":{"allow":["GET"]}}],"collection":[{"href":"https:\/\/tributo.pl\/en\/wp-json\/wp\/v2\/product"}],"about":[{"href":"https:\/\/tributo.pl\/en\/wp-json\/wp\/v2\/types\/product"}],"replies":[{"embeddable":true,"href":"https:\/\/tributo.pl\/en\/wp-json\/wp\/v2\/comments?post=6053"}],"wp:featuredmedia":[{"embeddable":true,"href":"https:\/\/tributo.pl\/en\/wp-json\/wp\/v2\/media\/6056"}],"wp:attachment":[{"href":"https:\/\/tributo.pl\/en\/wp-json\/wp\/v2\/media?parent=6053"}],"wp:term":[{"taxonomy":"product_cat","embeddable":true,"href":"https:\/\/tributo.pl\/en\/wp-json\/wp\/v2\/product_cat?post=6053"},{"taxonomy":"product_tag","embeddable":true,"href":"https:\/\/tributo.pl\/en\/wp-json\/wp\/v2\/product_tag?post=6053"}],"curies":[{"name":"wp","href":"https:\/\/api.w.org\/{rel}","templated":true}]}}