{"id":5911,"date":"2025-02-20T11:47:46","date_gmt":"2025-02-20T10:47:46","guid":{"rendered":"https:\/\/tributo.pl\/?post_type=product&#038;p=5911"},"modified":"2025-02-20T12:57:34","modified_gmt":"2025-02-20T11:57:34","slug":"konsultacje-biznesowe-jak-otworzyc-biuro-rachunkowe","status":"publish","type":"product","link":"https:\/\/tributo.pl\/en\/produkt\/konsultacje-biznesowe-jak-otworzyc-biuro-rachunkowe\/","title":{"rendered":"Konsultacje biznesowe &#8211; Jak otworzy\u0107 biuro rachunkowe?"},"content":{"rendered":"<p data-pm-slice=\"1 1 []\"><strong>Jak otworzy\u0107 biuro rachunkowe? Skorzystaj z konsultacji i rozpocznij sw\u00f3j biznes!<\/strong><\/p>\n<p>Planujesz za\u0142o\u017cy\u0107 biuro rachunkowe, ale nie wiesz, od czego zacz\u0105\u0107? Masz mn\u00f3stwo pyta\u0144, jak prowadzi\u0107 biuro rachunkowe, pozyskiwa\u0107 pierwszych klient\u00f3w czy ustala\u0107 ceny za us\u0142ugi ksi\u0119gowe?<\/p>\n<p>Nasza <strong>godzinna konsultacja online<\/strong> to idealne rozwi\u0105zanie dla os\u00f3b, kt\u00f3re my\u015bl\u0105 o otwarciu w\u0142asnego biura rachunkowego, ale nie chc\u0105 traci\u0107 czasu na b\u0142\u0119dy i samodzielne poszukiwania rozwi\u0105za\u0144.<\/p>\n<h2>Co om\u00f3wimy na konsultacji?<\/h2>\n<p>Podczas rozmowy odpowiemy na wszystkie pytania zwi\u0105zane z otwarciem biura rachunkowego i damy Ci praktyczne wskaz\u00f3wki, dzi\u0119ki kt\u00f3rym szybciej rozwiniesz sw\u00f3j biznes.<\/p>\n<h3>1. <strong>Jak za\u0142o\u017cy\u0107 biuro rachunkowe krok po kroku?<\/strong><\/h3>\n<ul data-spread=\"false\">\n<li>Jakie formalno\u015bci musisz spe\u0142ni\u0107?<\/li>\n<li>Czy potrzebujesz uprawnie\u0144 do prowadzenia biura rachunkowego?<\/li>\n<li>Ile kosztuje otwarcie biura rachunkowego?<\/li>\n<\/ul>\n<h3>2. <strong>Jak zdoby\u0107 pierwszych klient\u00f3w do biura rachunkowego?<\/strong><\/h3>\n<ul data-spread=\"false\">\n<li>Skuteczne sposoby na pozyskanie klient\u00f3w<\/li>\n<li>Marketing biura rachunkowego \u2013 co dzia\u0142a, a co nie?<\/li>\n<li>Jak budowa\u0107 mark\u0119 i wyr\u00f3\u017cnia\u0107 si\u0119 na rynku?<\/li>\n<\/ul>\n<h3>3. <strong>Jak ustala\u0107 ceny i podwy\u017csza\u0107 stawki?<\/strong><\/h3>\n<ul data-spread=\"false\">\n<li>Ile kosztuj\u0105 us\u0142ugi ksi\u0119gowe w Polsce?<\/li>\n<li>Jak kalkulowa\u0107 swoje stawki i liczy\u0107 rentowno\u015b\u0107 biura?<\/li>\n<li>Jak wprowadza\u0107 podwy\u017cki i nie traci\u0107 klient\u00f3w?<\/li>\n<\/ul>\n<h3>4. <strong>Jakie oprogramowanie wybra\u0107 do biura rachunkowego?<\/strong><\/h3>\n<ul data-spread=\"false\">\n<li>Por\u00f3wnanie program\u00f3w ksi\u0119gowych<\/li>\n<li>Co sprawdzi si\u0119 lepiej: chmura czy serwer stacjonarny?<\/li>\n<\/ul>\n<h3>5. <strong>Jakie ubezpieczenie i umowy s\u0105 potrzebne?<\/strong><\/h3>\n<ul data-spread=\"false\">\n<li>Jaka polisa OC jest niezb\u0119dna dla biura rachunkowego?<\/li>\n<li>Jakie umowy zawiera\u0107 z klientami?<\/li>\n<\/ul>\n<h3>6.\u00a0 <strong>I wszystkie nurtuj\u0105ce Ci\u0119 pytania! <\/strong><\/h3>\n<h2>Dlaczego warto skorzysta\u0107 z konsultacji?<\/h2>\n<ul data-spread=\"false\">\n<li><strong>Oszcz\u0119dzisz czas<\/strong> \u2013 unikniesz b\u0142\u0119d\u00f3w, na kt\u00f3re inni trac\u0105 miesi\u0105ce a nawet lata.<\/li>\n<li><strong>Dostaniesz gotowy plan<\/strong> \u2013 po rozmowie wiesz, co zrobi\u0107 krok po kroku.<\/li>\n<li><strong>Zaczniesz zarabia\u0107 szybciej<\/strong> \u2013 poznasz skuteczne strategie pozyskiwania klient\u00f3w.<\/li>\n<\/ul>\n<p>Nie czekaj! <strong>Zarezerwuj konsultacj\u0119 i zacznij dzia\u0142a\u0107<\/strong><\/p>\n<div>\n<hr \/>\n<\/div>\n<h2>Najcz\u0119\u015bciej zadawane pytania (FAQ)<\/h2>\n<p><strong>1. Czy mog\u0119 otworzy\u0107 biuro rachunkowe bez do\u015bwiadczenia?<\/strong> Tak, natomiast \u015bwiadcz\u0105c us\u0142ugi z dziedziny rachunkowo\u015bci i podatk\u00f3w dobrze mie\u0107 wiedz\u0119 i do\u015bwiadczenie w tym temacie &#8211; klienci cz\u0119sto zadaj\u0105 multum pyta\u0144. Zar\u00f3wno tych \u0142atwych jak i trudnych.<\/p>\n<p><strong>2. Ile pieni\u0119dzy potrzeba na start?<\/strong> Koszty otwarcia biura rachunkowego zale\u017c\u0105 od lokalizacji, sprz\u0119tu i oprogramowania, polisy ubezpieczeniowej. Szacunkowo mo\u017ce to by\u0107 od 1 tys z\u0142 do 20 tys. z\u0142. Warto rozejrze\u0107 si\u0119 za dofinansowaniem na otwarcie swojej dzia\u0142alno\u015bci!<\/p>\n<p><strong>3. Czy konsultacja jest online?<\/strong> Tak, konsultacja odbywa si\u0119 online, dzi\u0119ki czemu mo\u017cesz wzi\u0105\u0107 w niej udzia\u0142 z dowolnego miejsca. Je\u015bli jeste\u015b z Wroc\u0142awia zapraszamy do nas do biura \ud83d\ude42<\/p>\n<p><strong>4. Jak zapisa\u0107 si\u0119 na konsultacj\u0119?<\/strong> Zakup nasz pakiet i skontaktuj si\u0119 z nami celem um\u00f3wienia dogodnego terminu!<\/p>\n<div>\n<hr \/>\n<\/div>\n<p><strong>Zakup konsultacj\u0119 i otw\u00f3rz swoje biuro rachunkowe bez stresu!<\/strong><\/p>\n","protected":false},"excerpt":{"rendered":"<div class=\"flex max-w-full flex-col flex-grow\">\n<div class=\"min-h-8 text-message flex w-full flex-col items-end gap-2 whitespace-normal break-words text-start [.text-message+&amp;]:mt-5\" dir=\"auto\" data-message-author-role=\"assistant\" data-message-id=\"648ee972-ed09-4e79-abc9-31018e3a445a\" data-message-model-slug=\"gpt-4o\">\n<div class=\"flex w-full flex-col gap-1 empty:hidden first:pt-[3px]\">\n<div class=\"markdown prose w-full break-words dark:prose-invert light\">\n<p data-start=\"29\" data-end=\"466\" data-is-last-node=\"\" data-is-only-node=\"\">Planujesz otworzy\u0107 biuro rachunkowe, ale nie wiesz, od czego zacz\u0105\u0107? Skorzystaj z <strong data-start=\"111\" data-end=\"143\">godzinnej konsultacji online<\/strong>, podczas kt\u00f3rej dowiesz si\u0119, jak za\u0142o\u017cy\u0107 i prowadzi\u0107 biuro rachunkowe, pozyskiwa\u0107 klient\u00f3w, ustala\u0107 ceny oraz unika\u0107 najcz\u0119stszych b\u0142\u0119d\u00f3w. Otrzymasz konkretne wskaz\u00f3wki i sprawdzony plan dzia\u0142ania, kt\u00f3ry przyspieszy Tw\u00f3j start. Nie tra\u0107 czasu na szukanie odpowiedzi \u2013 zarezerwuj konsultacj\u0119 i zacznij dzia\u0142a\u0107 ju\u017c teraz! \ud83d\ude80<\/p>\n<\/div>\n<\/div>\n<\/div>\n<\/div>\n<div class=\"mb-2 flex gap-3 empty:hidden -ml-2\">\n<div class=\"items-center justify-start rounded-xl p-1 flex\">\n<div class=\"flex items-center\"><\/div>\n<\/div>\n<\/div>\n","protected":false},"featured_media":5914,"comment_status":"open","ping_status":"closed","template":"","meta":[],"product_cat":[42],"product_tag":[84],"class_list":{"0":"post-5911","1":"product","2":"type-product","3":"status-publish","4":"has-post-thumbnail","6":"product_cat-klient","7":"product_tag-biurorachunkowe","8":"hentry","10":"first","11":"instock","12":"virtual","13":"purchasable","14":"product-type-simple"},"_links":{"self":[{"href":"https:\/\/tributo.pl\/en\/wp-json\/wp\/v2\/product\/5911","targetHints":{"allow":["GET"]}}],"collection":[{"href":"https:\/\/tributo.pl\/en\/wp-json\/wp\/v2\/product"}],"about":[{"href":"https:\/\/tributo.pl\/en\/wp-json\/wp\/v2\/types\/product"}],"replies":[{"embeddable":true,"href":"https:\/\/tributo.pl\/en\/wp-json\/wp\/v2\/comments?post=5911"}],"wp:featuredmedia":[{"embeddable":true,"href":"https:\/\/tributo.pl\/en\/wp-json\/wp\/v2\/media\/5914"}],"wp:attachment":[{"href":"https:\/\/tributo.pl\/en\/wp-json\/wp\/v2\/media?parent=5911"}],"wp:term":[{"taxonomy":"product_cat","embeddable":true,"href":"https:\/\/tributo.pl\/en\/wp-json\/wp\/v2\/product_cat?post=5911"},{"taxonomy":"product_tag","embeddable":true,"href":"https:\/\/tributo.pl\/en\/wp-json\/wp\/v2\/product_tag?post=5911"}],"curies":[{"name":"wp","href":"https:\/\/api.w.org\/{rel}","templated":true}]}}