{"id":5895,"date":"2025-02-20T10:52:05","date_gmt":"2025-02-20T09:52:05","guid":{"rendered":"https:\/\/tributo.pl\/?post_type=product&#038;p=5895"},"modified":"2026-02-12T08:46:56","modified_gmt":"2026-02-12T07:46:56","slug":"zestaw-startowy-osoba-fizyczna","status":"publish","type":"product","link":"https:\/\/tributo.pl\/en\/produkt\/zestaw-startowy-osoba-fizyczna\/","title":{"rendered":"ZESTAW STARTOWY &#8211; osoba fizyczna"},"content":{"rendered":"<p><strong>Zestaw Startowy dla Osoby Fizycznej \u2013 Kompleksowe Procedury dla Biura Rachunkowego<\/strong><\/p>\n<p>Poszukujesz sprawdzonych procedur dla swojego biura rachunkowego? Nasz Zestaw Startowy dla osoby fizycznej to idealne rozwi\u0105zanie\u00a0 biur rachunkowych, kt\u00f3re pragn\u0105 profesjonalnie prowadzi\u0107 uproszczon\u0105 ksi\u0119gowo\u015b\u0107. Procedury sprawi\u0105, \u017ce profesjonalnie przyjmiesz nowego klienta, wyeliminujesz ryzyko b\u0142\u0119du przy rozliczeniach i nie zapomnisz o niczym!<\/p>\n<p><strong>W sk\u0142ad zestawu wchodzi:<\/strong><\/p>\n<ul>\n<li><strong>Procedura sporz\u0105dzenia zeznania rocznego<\/strong>: Krok po kroku przeprowadzi Ci\u0119 przez proces przygotowania rocznego zeznania podatkowego, minimalizuj\u0105c ryzyko b\u0142\u0119d\u00f3w.<\/li>\n<li><strong>Checklista zamkni\u0119cia miesi\u0105ca dla KPiR i rycza\u0142tu<\/strong>: U\u0142atwia kontrol\u0119 nad miesi\u0119cznymi obowi\u0105zkami ksi\u0119gowymi, zapewniaj\u0105c, \u017ce \u017caden istotny element nie zostanie pomini\u0119ty.<\/li>\n<li><strong>Umowa o \u015bwiadczenie us\u0142ug ksi\u0119gowych z cennikiem i kwestionariuszem osobowym<\/strong>: Gotowe do edycji dokumenty, kt\u00f3re usprawni\u0105 proces nawi\u0105zywania wsp\u00f3\u0142pracy z nowymi klientami. Umowa o us\u0142ugi ksi\u0119gowe zgodna z KSEF<\/li>\n<li><strong>Trzy kalkulatory podatkowe<\/strong>: Narz\u0119dzia do szybkiego obliczania zobowi\u0105za\u0144 podatkowych dla PIT-5, PIT-5L oraz rycza\u0142tu, co pozwoli na precyzyjne i szybkie rozliczenia.<\/li>\n<\/ul>\n<p>Inwestuj\u0105c w nasz zestaw procedur dla biura rachunkowego, oszcz\u0119dzasz na zakupie poszczeg\u00f3lnych produkt\u00f3w i zapewniasz sobie kompleksowe wsparcie w prowadzeniu ksi\u0119gowo\u015bci. Dostosuj dokumenty do specyfiki swojej dzia\u0142alno\u015bci i ciesz si\u0119 pewno\u015bci\u0105, \u017ce Twoje biuro dzia\u0142a zgodnie z najnowszymi standardami i przepisami.<\/p>\n<p>Nie czekaj \u2013 zoptymalizuj prac\u0119 swojego biura rachunkowego ju\u017c dzi\u015b z naszym Zestawem Startowym!<\/p>\n","protected":false},"excerpt":{"rendered":"<p>Gotowy do u\u017cycia <strong data-start=\"75\" data-end=\"117\">zestaw procedur dla biura rachunkowego<\/strong>, kt\u00f3ry usprawni przyj\u0119cie i obs\u0142ug\u0119 klient\u00f3w.W pakiecie znajdziesz: <strong data-start=\"207\" data-end=\"251\">procedur\u0119 sporz\u0105dzenia zeznania rocznego<\/strong>, <strong data-start=\"253\" data-end=\"287\">checklist\u0119 zamkni\u0119cia miesi\u0105ca<\/strong>, <strong data-start=\"289\" data-end=\"329\">umow\u0119 o \u015bwiadczenie us\u0142ug ksi\u0119gowych KSEF<\/strong> oraz <strong data-start=\"335\" data-end=\"385\">kalkulatory podatkowe (PIT-5, PIT-5L, rycza\u0142t)<\/strong>.<\/p>\n<p>Idealne rozwi\u0105zanie dla biur rachunkowych obs\u0142uguj\u0105cych osoby fizyczne. Zwi\u0119ksz efektywno\u015b\u0107 swojej pracy i uporz\u0105dkuj procesy ksi\u0119gowe! \u2705<\/p>\n","protected":false},"featured_media":5908,"comment_status":"open","ping_status":"closed","template":"","meta":[],"product_cat":[77],"product_tag":[],"class_list":{"0":"post-5895","1":"product","2":"type-product","3":"status-publish","4":"has-post-thumbnail","6":"product_cat-zestawy","7":"hentry","9":"first","10":"instock","11":"downloadable","12":"virtual","13":"purchasable","14":"product-type-simple"},"_links":{"self":[{"href":"https:\/\/tributo.pl\/en\/wp-json\/wp\/v2\/product\/5895","targetHints":{"allow":["GET"]}}],"collection":[{"href":"https:\/\/tributo.pl\/en\/wp-json\/wp\/v2\/product"}],"about":[{"href":"https:\/\/tributo.pl\/en\/wp-json\/wp\/v2\/types\/product"}],"replies":[{"embeddable":true,"href":"https:\/\/tributo.pl\/en\/wp-json\/wp\/v2\/comments?post=5895"}],"wp:featuredmedia":[{"embeddable":true,"href":"https:\/\/tributo.pl\/en\/wp-json\/wp\/v2\/media\/5908"}],"wp:attachment":[{"href":"https:\/\/tributo.pl\/en\/wp-json\/wp\/v2\/media?parent=5895"}],"wp:term":[{"taxonomy":"product_cat","embeddable":true,"href":"https:\/\/tributo.pl\/en\/wp-json\/wp\/v2\/product_cat?post=5895"},{"taxonomy":"product_tag","embeddable":true,"href":"https:\/\/tributo.pl\/en\/wp-json\/wp\/v2\/product_tag?post=5895"}],"curies":[{"name":"wp","href":"https:\/\/api.w.org\/{rel}","templated":true}]}}