{"id":5512,"date":"2025-01-02T12:43:45","date_gmt":"2025-01-02T11:43:45","guid":{"rendered":"https:\/\/tributo.pl\/?post_type=product&#038;p=5512"},"modified":"2026-01-20T13:51:08","modified_gmt":"2026-01-20T12:51:08","slug":"zestaw-startowy-dla-biura-rachunkowego-ksiegi-handlowe","status":"publish","type":"product","link":"https:\/\/tributo.pl\/en\/produkt\/zestaw-startowy-dla-biura-rachunkowego-ksiegi-handlowe\/","title":{"rendered":"Procedury dla Biura Rachunkowego &#8211; ZESTAW STARTOWY KSI\u0118GI HANDLOWE"},"content":{"rendered":"<p><strong>Zestaw Startowy dla Ksi\u0105g Handlowych \u2013 Kompletne Narz\u0119dzia do Prawid\u0142owego Prowadzenia Ksi\u0119gowo\u015bci<\/strong><\/p>\n<p>Zyskaj kompleksowe wsparcie w prowadzeniu pe\u0142nych ksi\u0105g handlowych dzi\u0119ki naszemu <strong>zestawowi startowemu<\/strong>. To idealne rozwi\u0105zanie dla biur rachunkowych, ksi\u0119gowych oraz firm, kt\u00f3re chc\u0105 zapewni\u0107 sobie zgodno\u015b\u0107 z obowi\u0105zuj\u0105cymi przepisami i profesjonalnie prowadzi\u0107 ksi\u0119gowo\u015b\u0107. Zestaw obejmuje 6 kluczowych produkt\u00f3w, kt\u00f3re u\u0142atwi\u0105 sporz\u0105dzanie dokumentacji, zamkni\u0119cie roku obrotowego oraz zarz\u0105dzanie polityk\u0105 rachunkowo\u015bci.<\/p>\n<p><strong>Co zawiera zestaw?<\/strong><\/p>\n<ol>\n<li><strong>Procedura Sporz\u0105dzania Sprawozdania Finansowego<\/strong> \u2013 narz\u0119dzie, kt\u00f3re wspomo\u017ce Ci\u0119 w rzetelnym sporz\u0105dzeniu sprawozdania finansowego<\/li>\n<li><strong>Procedura Zamkni\u0119cia Ksi\u0105g Handlowych i Wyliczenia Podatk\u00f3w<\/strong> \u2013 zestaw 31 czynno\u015bci weryfikacyjnych, kt\u00f3re zapewniaj\u0105 dok\u0142adno\u015b\u0107 deklaracji podatkowych i minimalizuj\u0105 ryzyko b\u0142\u0119d\u00f3w.<\/li>\n<li><strong>Lista Dokument\u00f3w do Przej\u0119cia Klienta z Innego Biura<\/strong> \u2013 kompletny wykaz dokument\u00f3w niezb\u0119dnych do przej\u0119cia klienta, zar\u00f3wno w kontek\u015bcie ksi\u0105g handlowych, jak i kadr i p\u0142ac.<\/li>\n<li><strong>Polityka Rachunkowo\u015bci<\/strong> \u2013 edytowalny dokument, kt\u00f3ry pozwala na stworzenie polityki rachunkowo\u015bci zgodnej z przepisami, z za\u0142\u0105czonym przyk\u0142adowym planem kont.<\/li>\n<li><strong>Sprawozdanie Zarz\u0105du<\/strong> &#8211; wz\u00f3r, kt\u00f3ry z pewno\u015bci\u0105 doceni\u0105 klienci &#8211; kompleksowo\u015b\u0107 to podstawa!<\/li>\n<li><strong>Procedura przyj\u0119cia klienta- <\/strong>wykaz czynno\u015bci, kt\u00f3re nale\u017cy zrobi\u0107 przy nawi\u0105zaniu wsp\u00f3\u0142pracy &#8211; umowa, AML, pe\u0142nomocnictwa &#8211; teraz ju\u017c b\u0119dziesz o wszystkim pami\u0119ta\u0107!<\/li>\n<li><strong>Umowa o prowadzenie ksi\u0105g handlowych KSEF + cennik + kwestionariusz osobowy <\/strong>\u2013 dobra umowa to podstawa!<\/li>\n<\/ol>\n<p><strong>Dlaczego warto wybra\u0107 zestaw?<\/strong><\/p>\n<ul>\n<li><strong>Kompleksowo\u015b\u0107<\/strong> \u2013 zestaw obejmuje wszystkie kluczowe procesy zwi\u0105zane z prowadzeniem pe\u0142nych ksi\u0105g handlowych.<\/li>\n<li><strong>Zgodno\u015b\u0107 z przepisami<\/strong> \u2013 produkty s\u0105 zgodne z obowi\u0105zuj\u0105cymi przepisami prawa, zapewniaj\u0105c bezpiecze\u0144stwo i profesjonalizm.<\/li>\n<li><strong>Elastyczno\u015b\u0107<\/strong> \u2013 wszystkie dokumenty w wersji edytowalnej, co pozwala na ich dostosowanie do specyfiki firmy.<\/li>\n<li><strong>Oszcz\u0119dno\u015b\u0107<\/strong> \u2013 zestaw w atrakcyjnej cenie, dzi\u0119ki kt\u00f3rej zaoszcz\u0119dzisz na poszczeg\u00f3lnych produktach.<\/li>\n<\/ul>\n<p>Zainwestuj w nasz <strong>zestaw startowy dla ksi\u0105g handlowych<\/strong> i ciesz si\u0119 pewno\u015bci\u0105, \u017ce Twoje procesy ksi\u0119gowe s\u0105 zgodne z przepisami, profesjonalne i efektywne.<\/p>\n<p>&nbsp;<\/p>\n<p>Nasze procedury dla biura rachunkowego s\u0105 stworzone przez lata do\u015bwiadcze\u0144!<\/p>\n","protected":false},"excerpt":{"rendered":"<p><strong>Zestaw Startowy dla Ksi\u0105g Handlowych \u2013 Kompleksowe Wsparcie w Prowadzeniu Ksi\u0119gowo\u015bci<\/strong><\/p>\n<p>Zestaw Startowy dla Ksi\u0105g Handlowych to kompleksowe narz\u0119dzie dla biur rachunkowych i firm, kt\u00f3re chc\u0105 zapewni\u0107 profesjonalne zarz\u0105dzanie pe\u0142nymi ksi\u0119gami handlowymi. Zawiera 6 kluczowych produkt\u00f3w, kt\u00f3re u\u0142atwi\u0105 Ci sporz\u0105dzanie sprawozda\u0144, zamkni\u0119cie roku obrotowego oraz zarz\u0105dzanie polityk\u0105 rachunkowo\u015bci. Dzi\u0119ki edytowalnym dokumentom, zestaw jest w pe\u0142ni dostosowywalny do specyfiki Twojej firmy, a jego wdro\u017cenie pomo\u017ce zachowa\u0107 zgodno\u015b\u0107 z przepisami i zwi\u0119kszy\u0107 efektywno\u015b\u0107 proces\u00f3w ksi\u0119gowych.<\/p>\n<p>Zestaw obejmuje:<\/p>\n<ul>\n<li>Procedur\u0119 sporz\u0105dzania sprawozdania finansowego<\/li>\n<li>Procedur\u0119 zamkni\u0119cia ksi\u0105g handlowych i wyliczenia podatk\u00f3w<\/li>\n<li>List\u0119 dokument\u00f3w do przej\u0119cia klienta<\/li>\n<li>Polityk\u0119 rachunkowo\u015bci z przyk\u0142adowym planem kont<\/li>\n<li>Sprawozdanie zarz\u0105du<\/li>\n<li>Procedur\u0119 przyj\u0119cia klienta wraz z umow\u0105 i kwestionariuszem<\/li>\n<\/ul>\n<p><strong>Kupuj\u0105c zestaw procedur dla biura rachunkowego, zaoszcz\u0119dzisz na poszczeg\u00f3lnych produktach i zapewnisz sobie kompleksow\u0105 obs\u0142ug\u0119 ksi\u0119gow\u0105.<\/strong><\/p>\n","protected":false},"featured_media":5853,"comment_status":"open","ping_status":"closed","template":"","meta":[],"product_cat":[42,77],"product_tag":[79,53,83,51,78],"class_list":{"0":"post-5512","1":"product","2":"type-product","3":"status-publish","4":"has-post-thumbnail","6":"product_cat-klient","7":"product_cat-zestawy","8":"product_tag-checklisty","9":"product_tag-klient-biura","10":"product_tag-procedura-biura-rachunkowego","11":"product_tag-rachunkowosc","12":"product_tag-zestaw","13":"hentry","15":"first","16":"instock","17":"sale","18":"downloadable","19":"virtual","20":"purchasable","21":"product-type-simple"},"_links":{"self":[{"href":"https:\/\/tributo.pl\/en\/wp-json\/wp\/v2\/product\/5512","targetHints":{"allow":["GET"]}}],"collection":[{"href":"https:\/\/tributo.pl\/en\/wp-json\/wp\/v2\/product"}],"about":[{"href":"https:\/\/tributo.pl\/en\/wp-json\/wp\/v2\/types\/product"}],"replies":[{"embeddable":true,"href":"https:\/\/tributo.pl\/en\/wp-json\/wp\/v2\/comments?post=5512"}],"wp:featuredmedia":[{"embeddable":true,"href":"https:\/\/tributo.pl\/en\/wp-json\/wp\/v2\/media\/5853"}],"wp:attachment":[{"href":"https:\/\/tributo.pl\/en\/wp-json\/wp\/v2\/media?parent=5512"}],"wp:term":[{"taxonomy":"product_cat","embeddable":true,"href":"https:\/\/tributo.pl\/en\/wp-json\/wp\/v2\/product_cat?post=5512"},{"taxonomy":"product_tag","embeddable":true,"href":"https:\/\/tributo.pl\/en\/wp-json\/wp\/v2\/product_tag?post=5512"}],"curies":[{"name":"wp","href":"https:\/\/api.w.org\/{rel}","templated":true}]}}