{"id":5500,"date":"2025-01-02T11:12:29","date_gmt":"2025-01-02T10:12:29","guid":{"rendered":"https:\/\/tributo.pl\/?post_type=product&#038;p=5500"},"modified":"2025-01-02T11:32:36","modified_gmt":"2025-01-02T10:32:36","slug":"zestaw-rekrutera","status":"publish","type":"product","link":"https:\/\/tributo.pl\/en\/produkt\/zestaw-rekrutera\/","title":{"rendered":"Zestaw Narz\u0119dzi Rekrutacyjnych i Onboardingowych dla Biur Rachunkowych"},"content":{"rendered":"<p>Zestaw, kt\u00f3ry przygotowali\u015bmy, to idealne rozwi\u0105zanie dla biur rachunkowych, kt\u00f3re chc\u0105 usprawni\u0107 procesy rekrutacyjne oraz onboardingu swoich pracownik\u00f3w. W sk\u0142ad zestawu wchodzi:<\/p>\n<ol>\n<li><strong>Opis stanowisk<\/strong> \u2013 szczeg\u00f3\u0142owe opisy stanowisk pracy, w tym:\n<ul>\n<li>Asystentka biura rachunkowego<\/li>\n<li>M\u0142odsza ksi\u0119gowa<\/li>\n<li>Ksi\u0119gowa<\/li>\n<li>Samodzielna ksi\u0119gowa<\/li>\n<li>Kierownik biura<\/li>\n<li>Specjalista ds. kadr i p\u0142ac<\/li>\n<\/ul>\n<\/li>\n<li><strong>Pytania na rozmowy kwalifikacyjne<\/strong> \u2013 gotowe pytania rekrutacyjne, dostosowane do ka\u017cdego stanowiska:\n<ul>\n<li>Asystentka biura rachunkowego<\/li>\n<li>M\u0142odsza ksi\u0119gowa<\/li>\n<li>Ksi\u0119gowa (test praktyczny wraz z odpowiedziami)<\/li>\n<li>Samodzielna ksi\u0119gowa\u00a0 (test praktyczny wraz z odpowiedziami)<\/li>\n<\/ul>\n<\/li>\n<li><strong>Procedura onboardingu<\/strong> \u2013 szczeg\u00f3\u0142owy przewodnik, jak przeprowadzi\u0107 onboardingu nowych pracownik\u00f3w w biurze rachunkowym, aby jak najszybciej poczuli si\u0119 cz\u0119\u015bci\u0105 zespo\u0142u i mogli skutecznie realizowa\u0107 powierzone im zadania.<\/li>\n<\/ol>\n<p>Zestaw ten jest idealnym narz\u0119dziem dla w\u0142a\u015bcicieli biur rachunkowych, kt\u00f3rzy chc\u0105 zoptymalizowa\u0107 procesy rekrutacji, zatrudniania oraz integracji pracownik\u00f3w. Zakup zestawu pozwoli Ci zaoszcz\u0119dzi\u0107 czas i unikn\u0105\u0107 b\u0142\u0119d\u00f3w, a tak\u017ce profesjonalnie przygotowa\u0107 si\u0119 do nowych wyzwa\u0144.<\/p>\n<p>Taki zestaw pomo\u017ce Ci r\u00f3wnie\u017c w pouk\u0142adaniu struktury Twojego biura oraz obowi\u0105zk\u00f3w pracownik\u00f3w, okre\u015bleniu \u015bcie\u017cki awansu oraz szkole\u0144 pracowniczych.<\/p>\n<p>Zainwestuj w kompleksowe wsparcie dla Twojego biura rachunkowego i rozwijaj swoj\u0105 firm\u0119 z \u0142atwo\u015bci\u0105!<\/p>\n","protected":false},"excerpt":{"rendered":"<p>Kompleksowy zestaw produkt\u00f3w wspieraj\u0105cych biura rachunkowe w rekrutacji i onboardingu pracownik\u00f3w. W sk\u0142ad wchodzi:<\/p>\n<ul>\n<li>Opisy stanowisk dla asystentki biura rachunkowego, m\u0142odszej ksi\u0119gowej, ksi\u0119gowej, samodzielnej ksi\u0119gowej, kierownika biura i specjalisty ds. kadr i p\u0142ac.<\/li>\n<li>Pytania rekrutacyjne i testy praktyczne z odpowiedziami dla m\u0142odszej ksi\u0119gowej, ksi\u0119gowej i samodzielnej ksi\u0119gowej.<\/li>\n<li>Procedura onboardingu dla nowych pracownik\u00f3w.<\/li>\n<\/ul>\n<p>Zestaw to oszcz\u0119dno\u015b\u0107 czasu i gwarancja profesjonalnego procesu zatrudniania i integracji pracownik\u00f3w.<\/p>\n","protected":false},"featured_media":5503,"comment_status":"open","ping_status":"closed","template":"","meta":[],"product_cat":[40,77],"product_tag":[76,75,44,78],"class_list":{"0":"post-5500","1":"product","2":"type-product","3":"status-publish","4":"has-post-thumbnail","6":"product_cat-personel","7":"product_cat-zestawy","8":"product_tag-biuro","9":"product_tag-pracownik","10":"product_tag-rekrutacja","11":"product_tag-zestaw","12":"hentry","14":"first","15":"instock","16":"sale","17":"downloadable","18":"virtual","19":"purchasable","20":"product-type-simple"},"_links":{"self":[{"href":"https:\/\/tributo.pl\/en\/wp-json\/wp\/v2\/product\/5500","targetHints":{"allow":["GET"]}}],"collection":[{"href":"https:\/\/tributo.pl\/en\/wp-json\/wp\/v2\/product"}],"about":[{"href":"https:\/\/tributo.pl\/en\/wp-json\/wp\/v2\/types\/product"}],"replies":[{"embeddable":true,"href":"https:\/\/tributo.pl\/en\/wp-json\/wp\/v2\/comments?post=5500"}],"wp:featuredmedia":[{"embeddable":true,"href":"https:\/\/tributo.pl\/en\/wp-json\/wp\/v2\/media\/5503"}],"wp:attachment":[{"href":"https:\/\/tributo.pl\/en\/wp-json\/wp\/v2\/media?parent=5500"}],"wp:term":[{"taxonomy":"product_cat","embeddable":true,"href":"https:\/\/tributo.pl\/en\/wp-json\/wp\/v2\/product_cat?post=5500"},{"taxonomy":"product_tag","embeddable":true,"href":"https:\/\/tributo.pl\/en\/wp-json\/wp\/v2\/product_tag?post=5500"}],"curies":[{"name":"wp","href":"https:\/\/api.w.org\/{rel}","templated":true}]}}