{"id":4570,"date":"2024-07-12T14:10:31","date_gmt":"2024-07-12T12:10:31","guid":{"rendered":"https:\/\/tributo.pl\/?post_type=product&#038;p=4570"},"modified":"2025-01-28T21:50:35","modified_gmt":"2025-01-28T20:50:35","slug":"windykacja-klienta-skuteczne-sciaganie-platnosci","status":"publish","type":"product","link":"https:\/\/tributo.pl\/en\/produkt\/windykacja-klienta-skuteczne-sciaganie-platnosci\/","title":{"rendered":"Windykacja klienta &#8211; skuteczne \u015bci\u0105ganie p\u0142atno\u015bci"},"content":{"rendered":"<p>Procedura dla biura rachunkowego, kt\u00f3ra poprawi Tw\u00f3j cash flow.<br \/>\nCzy wiesz, \u017ce za ka\u017cd\u0105 faktur\u0119 op\u0142acon\u0105 po terminie mo\u017cesz \u017c\u0105da\u0107 nie tylko odsetek, ale tak\u017ce rekompensaty za nieterminowanie p\u0142atno\u015bci? Jedna taka rekompensata to od 160 z\u0142 za jedn\u0105 faktur\u0119!<\/p>\n<p>Czy wiesz, \u017ce odpowiednie post\u0119powanie pozwala praktycznie ca\u0142kowicie wyeliminowa\u0107 nie\u015bci\u0105galno\u015b\u0107 nale\u017cno\u015bci?<\/p>\n<p>P\u0142ynno\u015b\u0107 finansowa Twojego przedsi\u0119biorstwa to klucz do dalszych inwestycji i rozwoju firmy. Przyj\u0119ty schemat windykacji krok po kroku, prawid\u0142owo wystawione przeds\u0105dowe wezwanie do zap\u0142aty pomagaj\u0105 odzyska\u0107 pieni\u0105dze zanim sprawa trafi do s\u0105du.<\/p>\n<p>Windykacja ka\u017cdego klienta to Tw\u00f3j cenny czas, dlatego warto zadba\u0107 o odpowiedni\u0105 procedur\u0119, kt\u00f3ra zminimalizuje nak\u0142ad czasowy a zmaksymalizuje \u015bci\u0105galno\u015b\u0107 pieni\u0119dzy.<\/p>\n<p>Plik w wersji edytowalnej z mo\u017cliwo\u015bci\u0105 dopasowania do swoich potrzeb.<\/p>\n<p>&nbsp;<\/p>\n","protected":false},"excerpt":{"rendered":"<p>Procedura dla biura rachunkowego, kt\u00f3ra poprawi Tw\u00f3j cash flow. Czy wiesz, \u017ce za ka\u017cd\u0105 faktur\u0119 op\u0142acon\u0105 po terminie mo\u017cesz \u017c\u0105da\u0107 nie tylko odsetek, ale tak\u017ce rekompensaty za nieterminowanie p\u0142atno\u015bci? Jedna taka rekompensata to od 160 z\u0142 za jedn\u0105 faktur\u0119! Czy wiesz, \u017ce odpowiednie post\u0119powanie pozwala praktycznie ca\u0142kowicie wyeliminowa\u0107 nie\u015bci\u0105galno\u015b\u0107 nale\u017cno\u015bci? P\u0142ynno\u015b\u0107 finansowa Twojego przedsi\u0119biorstwa to klucz do dalszych inwestycji i rozwoju firmy. Przyj\u0119ty schemat windykacji&#8230; <\/p>\n<p class=\"more\"><a class=\"more-link\" href=\"https:\/\/tributo.pl\/en\/produkt\/windykacja-klienta-skuteczne-sciaganie-platnosci\/\">Read More<\/a><\/p>\n","protected":false},"featured_media":4631,"comment_status":"open","ping_status":"closed","template":"","meta":[],"product_cat":[42],"product_tag":[64,62,63,61],"class_list":{"0":"post-4570","1":"product","2":"type-product","3":"status-publish","4":"has-post-thumbnail","6":"product_cat-klient","7":"product_tag-klient","8":"product_tag-platnosci","9":"product_tag-ulga-na-zle-dlugi","10":"product_tag-windykacja","11":"hentry","13":"first","14":"instock","15":"downloadable","16":"virtual","17":"purchasable","18":"product-type-simple"},"_links":{"self":[{"href":"https:\/\/tributo.pl\/en\/wp-json\/wp\/v2\/product\/4570","targetHints":{"allow":["GET"]}}],"collection":[{"href":"https:\/\/tributo.pl\/en\/wp-json\/wp\/v2\/product"}],"about":[{"href":"https:\/\/tributo.pl\/en\/wp-json\/wp\/v2\/types\/product"}],"replies":[{"embeddable":true,"href":"https:\/\/tributo.pl\/en\/wp-json\/wp\/v2\/comments?post=4570"}],"wp:featuredmedia":[{"embeddable":true,"href":"https:\/\/tributo.pl\/en\/wp-json\/wp\/v2\/media\/4631"}],"wp:attachment":[{"href":"https:\/\/tributo.pl\/en\/wp-json\/wp\/v2\/media?parent=4570"}],"wp:term":[{"taxonomy":"product_cat","embeddable":true,"href":"https:\/\/tributo.pl\/en\/wp-json\/wp\/v2\/product_cat?post=4570"},{"taxonomy":"product_tag","embeddable":true,"href":"https:\/\/tributo.pl\/en\/wp-json\/wp\/v2\/product_tag?post=4570"}],"curies":[{"name":"wp","href":"https:\/\/api.w.org\/{rel}","templated":true}]}}