{"id":4394,"date":"2024-03-07T10:00:53","date_gmt":"2024-03-07T09:00:53","guid":{"rendered":"https:\/\/tributo.pl\/?post_type=product&#038;p=4394"},"modified":"2026-01-20T13:56:39","modified_gmt":"2026-01-20T12:56:39","slug":"zestaw-umowa-procedura-przyjecia-klienta-mail-powitalny-osoba-fizyczna","status":"publish","type":"product","link":"https:\/\/tributo.pl\/en\/produkt\/zestaw-umowa-procedura-przyjecia-klienta-mail-powitalny-osoba-fizyczna\/","title":{"rendered":"ZESTAW! UMOWA, PROCEDURA PRZYJ\u0118CIA KLIENTA, MAIL POWITALNY &#8211; OSOBA FIZYCZNA"},"content":{"rendered":"<p>Zestaw s\u0142uz\u0105cy do profesjonalnego przyj\u0119cia osoby fizycznej do biura rachunkowego:<\/p>\n<p>1) Umowa o \u015bwiadczenie us\u0142ug ksi\u0119gowych KSEF &#8211; dla ewidencji uproszczonych + cennik us\u0142ug (za\u0142\u0105cznik do umowy)<\/p>\n<p>2) Procedura przyj\u0119cia nowego klienta<\/p>\n<p>3) Mail powitalny do klienta<\/p>\n<p>&nbsp;<\/p>\n<p>Wszystko w wersji edytowalnej z mo\u017cliwo\u015bci\u0105 dopasowania do swoich wewn\u0119trznych potrzeb!<\/p>\n","protected":false},"excerpt":{"rendered":"<p>Zestaw s\u0142uz\u0105cy do profesjonalnego przyj\u0119cia osoby fizycznej do biura rachunkowego: 1) Umowa o \u015bwiadczenie us\u0142ug ksi\u0119gowych KSEF &#8211; dla ewidencji uproszczonych + cennik us\u0142ug (za\u0142\u0105cznik do umowy) 2) Procedura przyj\u0119cia nowego klienta 3) Mail powitalny do klienta &nbsp; Wszystko w wersji edytowalnej z mo\u017cliwo\u015bci\u0105 dopasowania do swoich wewn\u0119trznych potrzeb!<\/p>\n","protected":false},"featured_media":4633,"comment_status":"open","ping_status":"closed","template":"","meta":[],"product_cat":[42],"product_tag":[54,59,60,58],"class_list":{"0":"post-4394","1":"product","2":"type-product","3":"status-publish","4":"has-post-thumbnail","6":"product_cat-klient","7":"product_tag-checklista","8":"product_tag-klient-biuta","9":"product_tag-przyjecie-klienta","10":"product_tag-umowa","11":"hentry","13":"first","14":"instock","15":"downloadable","16":"virtual","17":"purchasable","18":"product-type-simple"},"_links":{"self":[{"href":"https:\/\/tributo.pl\/en\/wp-json\/wp\/v2\/product\/4394","targetHints":{"allow":["GET"]}}],"collection":[{"href":"https:\/\/tributo.pl\/en\/wp-json\/wp\/v2\/product"}],"about":[{"href":"https:\/\/tributo.pl\/en\/wp-json\/wp\/v2\/types\/product"}],"replies":[{"embeddable":true,"href":"https:\/\/tributo.pl\/en\/wp-json\/wp\/v2\/comments?post=4394"}],"wp:featuredmedia":[{"embeddable":true,"href":"https:\/\/tributo.pl\/en\/wp-json\/wp\/v2\/media\/4633"}],"wp:attachment":[{"href":"https:\/\/tributo.pl\/en\/wp-json\/wp\/v2\/media?parent=4394"}],"wp:term":[{"taxonomy":"product_cat","embeddable":true,"href":"https:\/\/tributo.pl\/en\/wp-json\/wp\/v2\/product_cat?post=4394"},{"taxonomy":"product_tag","embeddable":true,"href":"https:\/\/tributo.pl\/en\/wp-json\/wp\/v2\/product_tag?post=4394"}],"curies":[{"name":"wp","href":"https:\/\/api.w.org\/{rel}","templated":true}]}}