{"id":4390,"date":"2024-03-07T09:40:26","date_gmt":"2024-03-07T08:40:26","guid":{"rendered":"https:\/\/tributo.pl\/?post_type=product&#038;p=4390"},"modified":"2026-01-20T13:57:07","modified_gmt":"2026-01-20T12:57:07","slug":"umowa-o-swiadczenie-uslug-ksiegowych-cennik","status":"publish","type":"product","link":"https:\/\/tributo.pl\/en\/produkt\/umowa-o-swiadczenie-uslug-ksiegowych-cennik\/","title":{"rendered":"KSEF Umowa o \u015bwiadczenie us\u0142ug ksi\u0119gowych KPiR + cennik + kwestionariusz dla osoby fizycznej"},"content":{"rendered":"<p>Umowa o prowadzenie ksi\u0119gowo\u015bci to w\u0142a\u015bciwie najwa\u017cniejszy dokument, kt\u00f3ry nale\u017cy podpisa\u0107 z klientem.<\/p>\n<p>Musimy pami\u0119ta\u0107, \u017ce podpisujemy j\u0105 na dobre i na z\u0142e czasy, dlatego ma za zadanie zadba\u0107 o nasze bezpiecze\u0144stwo!<\/p>\n<p>Okre\u015bla obowi\u0105zki obu stron &#8211; zar\u00f3wno czynno\u015bci, do kt\u00f3rych zobligowane jest biuro jak i obowi\u0105zki klienta- r\u00f3wnie\u017c w zakresie KSEF<\/p>\n<p>Dodatkowo umowa wymienia najpopularniejsze czynno\u015bci, kt\u00f3re nie le\u017c\u0105 po stronie biura- m.in. sprawozdania GUS, spis z natury czy te\u017c tworzenie pik\u00f3w JPK_FA, o kt\u00f3re klient powinien zadba\u0107.<\/p>\n<p>Znajdziesz tutaj takie niezb\u0119dniki jak:<\/p>\n<p>&#8211; prawo do zawieszenia us\u0142ug w przypadku braku p\u0142atno\u015bci<\/p>\n<p>&#8211; &#8220;ochronk\u0119&#8221; nale\u017cytej staranno\u015bci w przypadku zmian interpretacyjnych<\/p>\n<p>&#8211; &#8220;ochronk\u0119&#8221; nieterminowego wykonania us\u0142ugi w przypadku op\u00f3\u017anie\u0144 ze strony klienta<\/p>\n<p>&#8211; mo\u017cliwo\u015b\u0107 zlecenia us\u0142ug dodatkowych zgodnie z cennikiem<\/p>\n<p>&#8211; mo\u017cliwo\u015b\u0107 corocznej waloryzacji stawki bez konieczno\u015bci sporz\u0105dzania aneksu do umowy!<\/p>\n<p>&nbsp;<\/p>\n<p>Jako za\u0142\u0105cznik do umowy &#8211; cennik us\u0142ug podstawowych oraz dodatkowych oraz kwestionariusz dla osoby fizycznej<\/p>\n<p>&nbsp;<\/p>\n<p>Wersja edytowalna, kt\u00f3ra umo\u017cliwia wklejenie LOGO i dopasowanie do ewentualnych w\u0142asnych wewn\u0119trznych potrzeb!<\/p>\n","protected":false},"excerpt":{"rendered":"<p>Umowa o prowadzenie ksi\u0119gowo\u015bci to w\u0142a\u015bciwie najwa\u017cniejszy dokument, kt\u00f3ry nale\u017cy podpisa\u0107 z klientem. Musimy pami\u0119ta\u0107, \u017ce podpisujemy j\u0105 na dobre i na z\u0142e czasy, dlatego ma za zadanie zadba\u0107 o nasze bezpiecze\u0144stwo! Okre\u015bla obowi\u0105zki obu stron &#8211; zar\u00f3wno czynno\u015bci, do kt\u00f3rych zobligowane jest biuro jak i obowi\u0105zki klienta- r\u00f3wnie\u017c w zakresie KSEF Dodatkowo umowa wymienia najpopularniejsze czynno\u015bci, kt\u00f3re nie le\u017c\u0105 po stronie biura- m.in. sprawozdania&#8230; <\/p>\n<p class=\"more\"><a class=\"more-link\" href=\"https:\/\/tributo.pl\/en\/produkt\/umowa-o-swiadczenie-uslug-ksiegowych-cennik\/\">Read More<\/a><\/p>\n","protected":false},"featured_media":4634,"comment_status":"open","ping_status":"closed","template":"","meta":[],"product_cat":[42],"product_tag":[53,58],"class_list":{"0":"post-4390","1":"product","2":"type-product","3":"status-publish","4":"has-post-thumbnail","6":"product_cat-klient","7":"product_tag-klient-biura","8":"product_tag-umowa","9":"hentry","11":"first","12":"instock","13":"downloadable","14":"virtual","15":"purchasable","16":"product-type-simple"},"_links":{"self":[{"href":"https:\/\/tributo.pl\/en\/wp-json\/wp\/v2\/product\/4390","targetHints":{"allow":["GET"]}}],"collection":[{"href":"https:\/\/tributo.pl\/en\/wp-json\/wp\/v2\/product"}],"about":[{"href":"https:\/\/tributo.pl\/en\/wp-json\/wp\/v2\/types\/product"}],"replies":[{"embeddable":true,"href":"https:\/\/tributo.pl\/en\/wp-json\/wp\/v2\/comments?post=4390"}],"wp:featuredmedia":[{"embeddable":true,"href":"https:\/\/tributo.pl\/en\/wp-json\/wp\/v2\/media\/4634"}],"wp:attachment":[{"href":"https:\/\/tributo.pl\/en\/wp-json\/wp\/v2\/media?parent=4390"}],"wp:term":[{"taxonomy":"product_cat","embeddable":true,"href":"https:\/\/tributo.pl\/en\/wp-json\/wp\/v2\/product_cat?post=4390"},{"taxonomy":"product_tag","embeddable":true,"href":"https:\/\/tributo.pl\/en\/wp-json\/wp\/v2\/product_tag?post=4390"}],"curies":[{"name":"wp","href":"https:\/\/api.w.org\/{rel}","templated":true}]}}