{"id":4276,"date":"2024-02-13T09:55:08","date_gmt":"2024-02-13T08:55:08","guid":{"rendered":"https:\/\/tributo.pl\/?post_type=product&#038;p=4276"},"modified":"2024-09-09T11:41:05","modified_gmt":"2024-09-09T09:41:05","slug":"kalkulator-zaliczek-pit-5l-wraz-z-limitami","status":"publish","type":"product","link":"https:\/\/tributo.pl\/en\/produkt\/kalkulator-zaliczek-pit-5l-wraz-z-limitami\/","title":{"rendered":"Kalkulator zaliczek PIT-5L wraz z limitami"},"content":{"rendered":"<p>Limit do VAT, limit do kasy fiskalnej, ma\u0142y ZUS, ZUS+, ZUS preferencyjny &#8211; wszystkie limity liczone nie tylko od innej kwoty, ale cz\u0119sto tak\u017ce od innej daty.<\/p>\n<p>Kalkulator umo\u017cliwia nie tylko wyliczenie informacji o podatku po wpisaniu wszystkich danych, ale comiesi\u0119czne korzystanie z niego u\u0142atwi Ci nadz\u00f3r nad limitami i terminami przerejestrowa\u0144 w ZUS.<\/p>\n<p>A co najwa\u017cniejsze &#8211; przerzucenie wydruku do PDF i wys\u0142anie klientowi informacji comiesi\u0119cznej wygl\u0105da du\u017co bardziej profesjonalnie ni\u017c informacja wys\u0142ana mailem czy te\u017c SMSem &#8220;prosz\u0119 zap\u0142aci\u0107 3000 z\u0142 PIT&#8221;.<\/p>\n<p>&nbsp;<\/p>\n<p>Kalkulator po wprowadzeniu dat poda Ci daty przerejestrowa\u0144 do ZUS, a tak\u017ce co miesi\u0105c b\u0119dziesz mie\u0107 podgl\u0105d w limity do VAT, kasy fiskalnej i ma\u0142ego podatnika, co umo\u017cliwili Ci informowanie klienta na bie\u017c\u0105co o mo\u017cliwym przekroczeniu, a tym samym da mo\u017cliwo\u015b\u0107 podj\u0119cia odpowiednich krok\u00f3w i podj\u0119cia decyzji.<\/p>\n","protected":false},"excerpt":{"rendered":"<p>Limit do VAT, limit do kasy fiskalnej, ma\u0142y ZUS, ZUS+, ZUS preferencyjny &#8211; wszystkie limity liczone nie tylko od innej kwoty, ale cz\u0119sto tak\u017ce od innej daty. Kalkulator umo\u017cliwia nie tylko wyliczenie informacji o podatku po wpisaniu wszystkich danych, ale comiesi\u0119czne korzystanie z niego u\u0142atwi Ci nadz\u00f3r nad limitami i terminami przerejestrowa\u0144 w ZUS. A co najwa\u017cniejsze &#8211; przerzucenie wydruku do PDF i wys\u0142anie klientowi&#8230; <\/p>\n<p class=\"more\"><a class=\"more-link\" href=\"https:\/\/tributo.pl\/en\/produkt\/kalkulator-zaliczek-pit-5l-wraz-z-limitami\/\">Read More<\/a><\/p>\n","protected":false},"featured_media":4641,"comment_status":"open","ping_status":"closed","template":"","meta":[],"product_cat":[41],"product_tag":[48,49,52,51,50],"class_list":{"0":"post-4276","1":"product","2":"type-product","3":"status-publish","4":"has-post-thumbnail","6":"product_cat-rachunkowosc","7":"product_tag-kalkulator","8":"product_tag-limity","9":"product_tag-podatki","10":"product_tag-rachunkowosc","11":"product_tag-zus","12":"hentry","14":"first","15":"instock","16":"downloadable","17":"shipping-taxable","18":"purchasable","19":"product-type-simple"},"_links":{"self":[{"href":"https:\/\/tributo.pl\/en\/wp-json\/wp\/v2\/product\/4276","targetHints":{"allow":["GET"]}}],"collection":[{"href":"https:\/\/tributo.pl\/en\/wp-json\/wp\/v2\/product"}],"about":[{"href":"https:\/\/tributo.pl\/en\/wp-json\/wp\/v2\/types\/product"}],"replies":[{"embeddable":true,"href":"https:\/\/tributo.pl\/en\/wp-json\/wp\/v2\/comments?post=4276"}],"wp:featuredmedia":[{"embeddable":true,"href":"https:\/\/tributo.pl\/en\/wp-json\/wp\/v2\/media\/4641"}],"wp:attachment":[{"href":"https:\/\/tributo.pl\/en\/wp-json\/wp\/v2\/media?parent=4276"}],"wp:term":[{"taxonomy":"product_cat","embeddable":true,"href":"https:\/\/tributo.pl\/en\/wp-json\/wp\/v2\/product_cat?post=4276"},{"taxonomy":"product_tag","embeddable":true,"href":"https:\/\/tributo.pl\/en\/wp-json\/wp\/v2\/product_tag?post=4276"}],"curies":[{"name":"wp","href":"https:\/\/api.w.org\/{rel}","templated":true}]}}