{"id":4248,"date":"2024-02-07T16:46:37","date_gmt":"2024-02-07T15:46:37","guid":{"rendered":"https:\/\/tributo.pl\/?post_type=product&#038;p=4248"},"modified":"2025-01-02T12:05:08","modified_gmt":"2025-01-02T11:05:08","slug":"4248","status":"publish","type":"product","link":"https:\/\/tributo.pl\/en\/produkt\/4248\/","title":{"rendered":"CHECKLISTA Procedura przyj\u0119cia klienta &#8211; osoba prawna"},"content":{"rendered":"<p>Profesjonalny spis czynno\u015bci, kt\u00f3re nale\u017cy wykona\u0107 podczas nawi\u0105zywania wsp\u00f3\u0142pracy z klientem, to niezb\u0119dne narz\u0119dzie w ka\u017cdym biurze rachunkowym. Zawiera <strong>26 kluczowych dzia\u0142a\u0144<\/strong>, kt\u00f3re powinny znale\u017a\u0107 si\u0119 w dokumentacji, takich jak:<\/p>\n<ul>\n<li>Upowa\u017cnienia,<\/li>\n<li>Procedury AML,<\/li>\n<li>Umowy,<\/li>\n<li>Zmiany danych w urz\u0119dach,<\/li>\n<li>Aktualizacje i inne.<\/li>\n<\/ul>\n<p>Dzi\u0119ki temu wykazowi masz pewno\u015b\u0107, \u017ce <strong>nie zapomnisz o \u017cadnej aktualizacji<\/strong> i przejmiesz klienta w spos\u00f3b kompleksowy oraz profesjonalny, unikaj\u0105c konieczno\u015bci p\u00f3\u017aniejszych poprawek.<\/p>\n<p><strong>Wersja edytowalna<\/strong> pozwala na \u0142atwe dopasowanie procedury do wewn\u0119trznych zasad biura rachunkowego, takich jak forma podpisywania dokument\u00f3w, wykorzystywane programy czy miejsca przechowywania dokumentacji.<\/p>\n","protected":false},"excerpt":{"rendered":"<p><strong>Spis czynno\u015bci przy zawieraniu wsp\u00f3\u0142pracy z klientem \u2013 Edytowalna procedura<\/strong><br \/>\nKompletny wykaz 26 czynno\u015bci, kt\u00f3re nale\u017cy wykona\u0107 przy nawi\u0105zywaniu wsp\u00f3\u0142pracy z klientem. Zawiera m.in. upowa\u017cnienia, procedury AML, umowy i zmiany danych w urz\u0119dach. Wersja edytowalna pozwala na dostosowanie do wewn\u0119trznych zasad biura rachunkowego, zapewniaj\u0105c profesjonalne i bezb\u0142\u0119dne przej\u0119cie klienta.<\/p>\n","protected":false},"featured_media":4647,"comment_status":"open","ping_status":"closed","template":"","meta":[],"product_cat":[42],"product_tag":[54,53,55],"class_list":{"0":"post-4248","1":"product","2":"type-product","3":"status-publish","4":"has-post-thumbnail","6":"product_cat-klient","7":"product_tag-checklista","8":"product_tag-klient-biura","9":"product_tag-nawiazanie-wspolpracy","10":"hentry","12":"first","13":"instock","14":"downloadable","15":"shipping-taxable","16":"purchasable","17":"product-type-simple"},"_links":{"self":[{"href":"https:\/\/tributo.pl\/en\/wp-json\/wp\/v2\/product\/4248","targetHints":{"allow":["GET"]}}],"collection":[{"href":"https:\/\/tributo.pl\/en\/wp-json\/wp\/v2\/product"}],"about":[{"href":"https:\/\/tributo.pl\/en\/wp-json\/wp\/v2\/types\/product"}],"replies":[{"embeddable":true,"href":"https:\/\/tributo.pl\/en\/wp-json\/wp\/v2\/comments?post=4248"}],"wp:featuredmedia":[{"embeddable":true,"href":"https:\/\/tributo.pl\/en\/wp-json\/wp\/v2\/media\/4647"}],"wp:attachment":[{"href":"https:\/\/tributo.pl\/en\/wp-json\/wp\/v2\/media?parent=4248"}],"wp:term":[{"taxonomy":"product_cat","embeddable":true,"href":"https:\/\/tributo.pl\/en\/wp-json\/wp\/v2\/product_cat?post=4248"},{"taxonomy":"product_tag","embeddable":true,"href":"https:\/\/tributo.pl\/en\/wp-json\/wp\/v2\/product_tag?post=4248"}],"curies":[{"name":"wp","href":"https:\/\/api.w.org\/{rel}","templated":true}]}}