{"id":4226,"date":"2024-02-03T20:51:48","date_gmt":"2024-02-03T19:51:48","guid":{"rendered":"https:\/\/tributo.pl\/?post_type=product&#038;p=4226"},"modified":"2025-01-02T09:40:34","modified_gmt":"2025-01-02T08:40:34","slug":"pytania-na-rozmowe-rekrutacyjna-asystent-ka-biura-rachunkowego","status":"publish","type":"product","link":"https:\/\/tributo.pl\/en\/produkt\/pytania-na-rozmowe-rekrutacyjna-asystent-ka-biura-rachunkowego\/","title":{"rendered":"Pytania na rozmow\u0119 rekrutacyjn\u0105 &#8211; Asystent\/ka biura rachunkowego"},"content":{"rendered":"<p><strong>Jakie pytania zada\u0107 na rozmowie kwalifikacyjnej do biura rachunkowego? Praktyczny zestaw pyta\u0144 dla rekruter\u00f3w i kandydat\u00f3w!<\/strong><\/p>\n<p>Szukasz pracownika do biura rachunkowego i nie wiesz, jak zweryfikowa\u0107 jego umiej\u0119tno\u015bci w praktyce? A mo\u017ce przygotowujesz si\u0119 do rozmowy kwalifikacyjnej na stanowisko asystenta ksi\u0119gowego i chcesz wiedzie\u0107, czego si\u0119 spodziewa\u0107?<\/p>\n<p>Nasz zestaw pyta\u0144 rekrutacyjnych to kompleksowe narz\u0119dzie, kt\u00f3re:<\/p>\n<ul>\n<li><strong>Pomaga w\u0142a\u015bcicielom biur rachunkowych<\/strong> oceni\u0107 kandydat\u00f3w pod k\u0105tem ich wiedzy i praktycznych umiej\u0119tno\u015bci.<\/li>\n<li><strong>Przygotowuje kandydat\u00f3w<\/strong> do pyta\u0144, kt\u00f3re mog\u0105 us\u0142ysze\u0107 podczas rozmowy kwalifikacyjnej.<\/li>\n<\/ul>\n<p>W pliku znajdziesz wy\u0142\u0105cznie <strong>praktyczne pytania<\/strong>, podzielone na cz\u0119\u015b\u0107 teoretyczn\u0105 i praktyczn\u0105. Zamiast sztampowych pyta\u0144 typu \u201edlaczego my?\u201d, oferujemy narz\u0119dzia do realnej oceny kompetencji i zdolno\u015bci odnalezienia si\u0119 w skomplikowanym \u015bwiecie przepis\u00f3w ksi\u0119gowych.<\/p>\n<p><strong>Co wyr\u00f3\u017cnia ten zestaw?<\/strong><\/p>\n<ul>\n<li>\u017badnych standardowych pyta\u0144.<\/li>\n<li>Skupienie na praktycznych scenariuszach i problemach z \u017cycia biura rachunkowego.<\/li>\n<li>Idealne zar\u00f3wno dla rekruter\u00f3w, jak i kandydat\u00f3w chc\u0105cych si\u0119 dobrze przygotowa\u0107.<\/li>\n<\/ul>\n<p>Zamiast szuka\u0107 odpowiedzi na pytanie \u201ejakie pytania na rozmowie w ksi\u0119gowo\u015bci?\u201d, si\u0119gnij po nasz gotowy zestaw i zyskaj przewag\u0119 \u2013 bez wzgl\u0119du na to, po kt\u00f3rej stronie sto\u0142u rekrutacyjnego si\u0119 znajdujesz.<\/p>\n","protected":false},"excerpt":{"rendered":"<p><strong>Praktyczne pytania rekrutacyjne do biura rachunkowego!<\/strong><br \/>\nZestaw pyta\u0144, kt\u00f3ry pomo\u017ce Ci zweryfikowa\u0107 umiej\u0119tno\u015bci kandydat\u00f3w na stanowiska ksi\u0119gowe. Podzielony na cz\u0119\u015b\u0107 teoretyczn\u0105 i praktyczn\u0105, skupia si\u0119 na realnych wyzwaniach zwi\u0105zanych z prac\u0105 w ksi\u0119gowo\u015bci. Idealny zar\u00f3wno dla rekruter\u00f3w, jak i kandydat\u00f3w przygotowuj\u0105cych si\u0119 do rozmowy.<\/p>\n","protected":false},"featured_media":4650,"comment_status":"open","ping_status":"closed","template":"","meta":[],"product_cat":[40],"product_tag":[47,45,44,46],"class_list":{"0":"post-4226","1":"product","2":"type-product","3":"status-publish","4":"has-post-thumbnail","6":"product_cat-personel","7":"product_tag-hr","8":"product_tag-personel","9":"product_tag-rekrutacja","10":"product_tag-zatrudnianie","11":"hentry","13":"first","14":"instock","15":"downloadable","16":"shipping-taxable","17":"purchasable","18":"product-type-simple"},"_links":{"self":[{"href":"https:\/\/tributo.pl\/en\/wp-json\/wp\/v2\/product\/4226","targetHints":{"allow":["GET"]}}],"collection":[{"href":"https:\/\/tributo.pl\/en\/wp-json\/wp\/v2\/product"}],"about":[{"href":"https:\/\/tributo.pl\/en\/wp-json\/wp\/v2\/types\/product"}],"replies":[{"embeddable":true,"href":"https:\/\/tributo.pl\/en\/wp-json\/wp\/v2\/comments?post=4226"}],"wp:featuredmedia":[{"embeddable":true,"href":"https:\/\/tributo.pl\/en\/wp-json\/wp\/v2\/media\/4650"}],"wp:attachment":[{"href":"https:\/\/tributo.pl\/en\/wp-json\/wp\/v2\/media?parent=4226"}],"wp:term":[{"taxonomy":"product_cat","embeddable":true,"href":"https:\/\/tributo.pl\/en\/wp-json\/wp\/v2\/product_cat?post=4226"},{"taxonomy":"product_tag","embeddable":true,"href":"https:\/\/tributo.pl\/en\/wp-json\/wp\/v2\/product_tag?post=4226"}],"curies":[{"name":"wp","href":"https:\/\/api.w.org\/{rel}","templated":true}]}}