{"id":4209,"date":"2024-01-30T20:52:50","date_gmt":"2024-01-30T19:52:50","guid":{"rendered":"https:\/\/tributo.pl\/?post_type=product&#038;p=4209"},"modified":"2024-01-30T20:52:51","modified_gmt":"2024-01-30T19:52:51","slug":"program-do-zarzadzania-zadaniami-i-rentownoscia-biura-i-pracownikow","status":"publish","type":"product","link":"https:\/\/tributo.pl\/en\/produkt\/program-do-zarzadzania-zadaniami-i-rentownoscia-biura-i-pracownikow\/","title":{"rendered":"PROGRAM DO ZARZ\u0104DZANIA ZADANIAMI I RENTOWNO\u015aCI\u0104 BIURA I PRACOWNIK\u00d3W"},"content":{"rendered":"<p>Ebiuro.io to program, kt\u00f3ry pomaga nie tylko nadzorowa\u0107 terminowo\u015b\u0107, ale przede wszystkim zarz\u0105dza\u0107 rentowno\u015bci\u0105 biura i w \u0142atwy spos\u00f3b wspomaga w osi\u0105ganiu lepszych zysk\u00f3w w biurze rachunkowym. Nap\u0142yw zada\u0144 z coraz kr\u00f3tszym terminem coraz bli\u017cej 20-tego? To pocz\u0105tek problem\u00f3w z jakimi biura rachunkowe musz\u0105 si\u0119 mierzy\u0107. ebiuro.io jest po to aby u\u0142atwi\u0107 t\u0119 drog\u0119 oraz \u017ceby rzeczy trudne teraz sta\u0142y si\u0119 proste.<\/p>\n<p>&nbsp;<\/p>\n<p>Miesi\u0119czny okres pr\u00f3bny wraz z darmowym wdro\u017ceniem w firmie.<\/p>\n","protected":false},"excerpt":{"rendered":"<p>Ebiuro.io to program, kt\u00f3ry pomaga nie tylko nadzorowa\u0107 terminowo\u015b\u0107, ale przede wszystkim zarz\u0105dza\u0107 rentowno\u015bci\u0105 biura i w \u0142atwy spos\u00f3b wspomaga w osi\u0105ganiu lepszych zysk\u00f3w w biurze rachunkowym. Nap\u0142yw zada\u0144 z coraz kr\u00f3tszym terminem coraz bli\u017cej 20-tego? To pocz\u0105tek problem\u00f3w z jakimi biura rachunkowe musz\u0105 si\u0119 mierzy\u0107. ebiuro.io jest po to aby u\u0142atwi\u0107 t\u0119 drog\u0119 oraz \u017ceby rzeczy trudne teraz sta\u0142y si\u0119 proste. &nbsp; Miesi\u0119czny okres&#8230; <\/p>\n<p class=\"more\"><a class=\"more-link\" href=\"https:\/\/tributo.pl\/en\/produkt\/program-do-zarzadzania-zadaniami-i-rentownoscia-biura-i-pracownikow\/\">Read More<\/a><\/p>\n","protected":false},"featured_media":4210,"comment_status":"open","ping_status":"closed","template":"","meta":[],"product_cat":[31],"product_tag":[],"class_list":{"0":"post-4209","1":"product","2":"type-product","3":"status-publish","4":"has-post-thumbnail","6":"product_cat-bez-kategorii","7":"hentry","9":"first","10":"instock","11":"shipping-taxable","12":"product-type-simple"},"_links":{"self":[{"href":"https:\/\/tributo.pl\/en\/wp-json\/wp\/v2\/product\/4209","targetHints":{"allow":["GET"]}}],"collection":[{"href":"https:\/\/tributo.pl\/en\/wp-json\/wp\/v2\/product"}],"about":[{"href":"https:\/\/tributo.pl\/en\/wp-json\/wp\/v2\/types\/product"}],"replies":[{"embeddable":true,"href":"https:\/\/tributo.pl\/en\/wp-json\/wp\/v2\/comments?post=4209"}],"wp:featuredmedia":[{"embeddable":true,"href":"https:\/\/tributo.pl\/en\/wp-json\/wp\/v2\/media\/4210"}],"wp:attachment":[{"href":"https:\/\/tributo.pl\/en\/wp-json\/wp\/v2\/media?parent=4209"}],"wp:term":[{"taxonomy":"product_cat","embeddable":true,"href":"https:\/\/tributo.pl\/en\/wp-json\/wp\/v2\/product_cat?post=4209"},{"taxonomy":"product_tag","embeddable":true,"href":"https:\/\/tributo.pl\/en\/wp-json\/wp\/v2\/product_tag?post=4209"}],"curies":[{"name":"wp","href":"https:\/\/api.w.org\/{rel}","templated":true}]}}