{"id":4101,"date":"2023-10-10T13:54:44","date_gmt":"2023-10-10T11:54:44","guid":{"rendered":"https:\/\/tributo.pl\/?post_type=product&#038;p=4101"},"modified":"2025-01-02T10:51:26","modified_gmt":"2025-01-02T09:51:26","slug":"opis-stanowiska-samodzielna-ksiegowa","status":"publish","type":"product","link":"https:\/\/tributo.pl\/en\/produkt\/opis-stanowiska-samodzielna-ksiegowa\/","title":{"rendered":"Opis stanowiska &#8211; samodzielna ksi\u0119gowa"},"content":{"rendered":"<p><strong>Opis stanowiska pracy \u2013 klucz do skutecznej rekrutacji i zarz\u0105dzania personelem<\/strong><\/p>\n<p>Dobrze sformu\u0142owany <strong>opis stanowiska pracy<\/strong> to narz\u0119dzie, kt\u00f3re znacznie u\u0142atwia <strong>zarz\u0105dzanie personelem<\/strong>. Przydatny zar\u00f3wno w procesie <strong>rekrutacji<\/strong>, jak i <strong>wdra\u017cania nowych pracownik\u00f3w<\/strong>, stanowi podstaw\u0119 do okre\u015blenia <strong>kompetencji i wymaga\u0144<\/strong> dla poszczeg\u00f3lnych r\u00f3l w firmie.<\/p>\n<p>Taki dokument to <strong>klucz do efektywnego zatrudnienia<\/strong>, pomagaj\u0105cy znale\u017a\u0107 odpowiedni\u0105 osob\u0119 do pracy. W p\u00f3\u017aniejszym czasie pe\u0142ni rol\u0119 nieocenionego wsparcia przy <strong>rozwoju pracownika<\/strong> oraz <strong>uzupe\u0142nianiu luk kompetencyjnych<\/strong>. Dzi\u0119ki niemu \u0142atwiej zaplanowa\u0107 rozw\u00f3j zespo\u0142u i <strong>ustali\u0107 hierarchi\u0119<\/strong> w firmie.<\/p>\n<p>Nasza oferta zawiera <strong>plik edytowalny<\/strong>, kt\u00f3ry mo\u017cesz dostosowa\u0107 do swoich potrzeb, wklejaj\u0105c <strong>w\u0142asne logo<\/strong> i modyfikuj\u0105c szczeg\u00f3\u0142y stanowiska. To \u015bwietne narz\u0119dzie, kt\u00f3re pomaga zoptymalizowa\u0107 procesy rekrutacyjne i zarz\u0105dzanie personelem.<\/p>\n","protected":false},"excerpt":{"rendered":"<p>Profesjonalny <strong>opis stanowiska pracy<\/strong> to niezb\u0119dne narz\u0119dzie dla ka\u017cdej firmy, kt\u00f3re usprawnia <strong>rekrutacj\u0119<\/strong>, <strong>wdra\u017canie nowych pracownik\u00f3w<\/strong> oraz <strong>zarz\u0105dzanie personelem<\/strong>. Dzi\u0119ki niemu \u0142atwiej okre\u015blisz wymagania i kompetencje potrzebne na danym stanowisku, co pozwoli na <strong>skuteczne zatrudnienie<\/strong> idealnego kandydata. Zoptymalizuj procesy <strong>rekrutacyjne<\/strong> i <strong>rozwojowe<\/strong>, wype\u0142niaj luki kompetencyjne i okre\u015blaj <strong>hierarchi\u0119 w firmie<\/strong>. <strong>Edytowalny plik<\/strong> daje mo\u017cliwo\u015b\u0107 personalizacji, w tym <strong>dodania w\u0142asnego logo<\/strong>. To kluczowy dokument, kt\u00f3ry pomo\u017ce Ci w organizacji pracy zespo\u0142u oraz w budowaniu skutecznego procesu rekrutacyjnego.<\/p>\n","protected":false},"featured_media":4655,"comment_status":"open","ping_status":"closed","template":"","meta":[],"product_cat":[40],"product_tag":[56,45,57],"class_list":{"0":"post-4101","1":"product","2":"type-product","3":"status-publish","4":"has-post-thumbnail","6":"product_cat-personel","7":"product_tag-opis-stanowiska","8":"product_tag-personel","9":"product_tag-zarzadzanie","10":"hentry","12":"first","13":"instock","14":"downloadable","15":"virtual","16":"purchasable","17":"product-type-simple"},"_links":{"self":[{"href":"https:\/\/tributo.pl\/en\/wp-json\/wp\/v2\/product\/4101","targetHints":{"allow":["GET"]}}],"collection":[{"href":"https:\/\/tributo.pl\/en\/wp-json\/wp\/v2\/product"}],"about":[{"href":"https:\/\/tributo.pl\/en\/wp-json\/wp\/v2\/types\/product"}],"replies":[{"embeddable":true,"href":"https:\/\/tributo.pl\/en\/wp-json\/wp\/v2\/comments?post=4101"}],"wp:featuredmedia":[{"embeddable":true,"href":"https:\/\/tributo.pl\/en\/wp-json\/wp\/v2\/media\/4655"}],"wp:attachment":[{"href":"https:\/\/tributo.pl\/en\/wp-json\/wp\/v2\/media?parent=4101"}],"wp:term":[{"taxonomy":"product_cat","embeddable":true,"href":"https:\/\/tributo.pl\/en\/wp-json\/wp\/v2\/product_cat?post=4101"},{"taxonomy":"product_tag","embeddable":true,"href":"https:\/\/tributo.pl\/en\/wp-json\/wp\/v2\/product_tag?post=4101"}],"curies":[{"name":"wp","href":"https:\/\/api.w.org\/{rel}","templated":true}]}}