{"id":4098,"date":"2023-10-10T13:53:27","date_gmt":"2023-10-10T11:53:27","guid":{"rendered":"https:\/\/tributo.pl\/?post_type=product&#038;p=4098"},"modified":"2025-01-28T21:34:38","modified_gmt":"2025-01-28T20:34:38","slug":"opis-stanowiska-ksiegowa","status":"publish","type":"product","link":"https:\/\/tributo.pl\/en\/produkt\/opis-stanowiska-ksiegowa\/","title":{"rendered":"Opis stanowiska &#8211; ksi\u0119gowa"},"content":{"rendered":"<p>Opis stanowiska to nie tylko zakres obowi\u0105zk\u00f3w ksi\u0119gowej w biurze rachunkowym.<\/p>\n<p>&nbsp;<\/p>\n<p>Jest przydatny zar\u00f3wno przy poszukiwaniu pracownika (zawiera kompetencje i niezb\u0119dne wymagania) jak i przy jego wdra\u017caniu. To nie tylko klucz do skutecznej rekrutacji, ale tak\u017ce \u015bwietne narz\u0119dzie, kt\u00f3re u\u0142atwi zarz\u0105dzanie rozwojem pracownika jak i pozwoli na sprawne uzupe\u0142nianie luk kompetencyjnych.<\/p>\n<p>Dobrze sformowany opis stanowiska znacznie u\u0142atwia zatrudnienie odpowiedniej osoby i pomaga zaadaptowa\u0107 si\u0119 ju\u017c rekrutowanym osobom. Ponadto to wa\u017cny element ustalania hierarchii w firmie.<\/p>\n<p>&nbsp;<\/p>\n<p>Plik edytowalny z mo\u017cliwo\u015bci\u0105 wklejenia swojego logo.<\/p>\n","protected":false},"excerpt":{"rendered":"<p>Opis stanowiska to nie tylko zakres obowi\u0105zk\u00f3w ksi\u0119gowej w biurze rachunkowym. &nbsp; Jest przydatny zar\u00f3wno przy poszukiwaniu pracownika (zawiera kompetencje i niezb\u0119dne wymagania) jak i przy jego wdra\u017caniu. To nie tylko klucz do skutecznej rekrutacji, ale tak\u017ce \u015bwietne narz\u0119dzie, kt\u00f3re u\u0142atwi zarz\u0105dzanie rozwojem pracownika jak i pozwoli na sprawne uzupe\u0142nianie luk kompetencyjnych. Dobrze sformowany opis stanowiska znacznie u\u0142atwia zatrudnienie odpowiedniej osoby i pomaga zaadaptowa\u0107 si\u0119&#8230; <\/p>\n<p class=\"more\"><a class=\"more-link\" href=\"https:\/\/tributo.pl\/en\/produkt\/opis-stanowiska-ksiegowa\/\">Read More<\/a><\/p>\n","protected":false},"featured_media":4656,"comment_status":"open","ping_status":"closed","template":"","meta":[],"product_cat":[40],"product_tag":[56,45,57],"class_list":{"0":"post-4098","1":"product","2":"type-product","3":"status-publish","4":"has-post-thumbnail","6":"product_cat-personel","7":"product_tag-opis-stanowiska","8":"product_tag-personel","9":"product_tag-zarzadzanie","10":"hentry","12":"first","13":"instock","14":"downloadable","15":"virtual","16":"purchasable","17":"product-type-simple"},"_links":{"self":[{"href":"https:\/\/tributo.pl\/en\/wp-json\/wp\/v2\/product\/4098","targetHints":{"allow":["GET"]}}],"collection":[{"href":"https:\/\/tributo.pl\/en\/wp-json\/wp\/v2\/product"}],"about":[{"href":"https:\/\/tributo.pl\/en\/wp-json\/wp\/v2\/types\/product"}],"replies":[{"embeddable":true,"href":"https:\/\/tributo.pl\/en\/wp-json\/wp\/v2\/comments?post=4098"}],"wp:featuredmedia":[{"embeddable":true,"href":"https:\/\/tributo.pl\/en\/wp-json\/wp\/v2\/media\/4656"}],"wp:attachment":[{"href":"https:\/\/tributo.pl\/en\/wp-json\/wp\/v2\/media?parent=4098"}],"wp:term":[{"taxonomy":"product_cat","embeddable":true,"href":"https:\/\/tributo.pl\/en\/wp-json\/wp\/v2\/product_cat?post=4098"},{"taxonomy":"product_tag","embeddable":true,"href":"https:\/\/tributo.pl\/en\/wp-json\/wp\/v2\/product_tag?post=4098"}],"curies":[{"name":"wp","href":"https:\/\/api.w.org\/{rel}","templated":true}]}}