{"id":4085,"date":"2023-10-10T11:59:31","date_gmt":"2023-10-10T09:59:31","guid":{"rendered":"https:\/\/tributo.pl\/?post_type=product&#038;p=4085"},"modified":"2025-01-02T10:42:37","modified_gmt":"2025-01-02T09:42:37","slug":"opis-stanowiska-pracy-asystent-ka-biura-rachunkowego","status":"publish","type":"product","link":"https:\/\/tributo.pl\/en\/produkt\/opis-stanowiska-pracy-asystent-ka-biura-rachunkowego\/","title":{"rendered":"Opis stanowiska pracy &#8211; Asystent\/ka biura rachunkowego"},"content":{"rendered":"<p><strong>Opis stanowiska pracy \u2013 klucz do skutecznej rekrutacji i zarz\u0105dzania personelem<\/strong><\/p>\n<p>Dobrze sformu\u0142owany <strong>opis stanowiska pracy<\/strong> to niezb\u0119dne narz\u0119dzie w ka\u017cdej firmie. U\u0142atwia zar\u00f3wno <strong>rekrutacj\u0119<\/strong>, jak i <strong>wdra\u017canie nowych pracownik\u00f3w<\/strong>. Zawiera szczeg\u00f3\u0142owe informacje na temat <strong>kompetencji<\/strong> i <strong>wymaga\u0144<\/strong>, co pozwala znale\u017a\u0107 odpowiedni\u0105 osob\u0119 do pracy, a tak\u017ce skutecznie zintegrowa\u0107 j\u0105 z zespo\u0142em.<\/p>\n<p>Wykorzystanie profesjonalnie przygotowanego opisu stanowiska pracy to tak\u017ce doskona\u0142y spos\u00f3b na:<\/p>\n<ul>\n<li><strong>Usprawnienie zarz\u0105dzania personelem<\/strong>,<\/li>\n<li><strong>Wspieranie rozwoju pracownik\u00f3w<\/strong> i<\/li>\n<li><strong>Uzupe\u0142nianie luk kompetencyjnych<\/strong> w firmie.<\/li>\n<\/ul>\n<p>Opis stanowiska nie tylko pomaga przy rekrutacji, ale tak\u017ce stanowi wa\u017cny element <strong>ustalania hierarchii w firmie<\/strong>, co wp\u0142ywa na efektywno\u015b\u0107 pracy zespo\u0142u. Dodatkowo, nasz plik jest <strong>edytowalny<\/strong> \u2013 mo\u017cesz dostosowa\u0107 go do specyfiki swojej firmy i doda\u0107 <strong>swoje logo<\/strong>.<\/p>\n","protected":false},"excerpt":{"rendered":"<p>Profesjonalny <strong>opis stanowiska pracy<\/strong>, kt\u00f3ry u\u0142atwia <strong>rekrutacj\u0119<\/strong> i <strong>zarz\u0105dzanie personelem<\/strong>. Zawiera kluczowe kompetencje i wymagania, wspiera <strong>wdra\u017canie nowych pracownik\u00f3w<\/strong> oraz pomaga w <strong>rozwoju zespo\u0142u<\/strong>. Plik jest <strong>edytowalny<\/strong>, umo\u017cliwiaj\u0105c dostosowanie do specyfiki firmy i dodanie logo. Idealne narz\u0119dzie do efektywnego zarz\u0105dzania personelem.<\/p>\n","protected":false},"featured_media":4660,"comment_status":"open","ping_status":"closed","template":"","meta":[],"product_cat":[40],"product_tag":[56,45,57],"class_list":{"0":"post-4085","1":"product","2":"type-product","3":"status-publish","4":"has-post-thumbnail","6":"product_cat-personel","7":"product_tag-opis-stanowiska","8":"product_tag-personel","9":"product_tag-zarzadzanie","10":"hentry","12":"first","13":"instock","14":"downloadable","15":"virtual","16":"purchasable","17":"product-type-simple"},"_links":{"self":[{"href":"https:\/\/tributo.pl\/en\/wp-json\/wp\/v2\/product\/4085","targetHints":{"allow":["GET"]}}],"collection":[{"href":"https:\/\/tributo.pl\/en\/wp-json\/wp\/v2\/product"}],"about":[{"href":"https:\/\/tributo.pl\/en\/wp-json\/wp\/v2\/types\/product"}],"replies":[{"embeddable":true,"href":"https:\/\/tributo.pl\/en\/wp-json\/wp\/v2\/comments?post=4085"}],"wp:featuredmedia":[{"embeddable":true,"href":"https:\/\/tributo.pl\/en\/wp-json\/wp\/v2\/media\/4660"}],"wp:attachment":[{"href":"https:\/\/tributo.pl\/en\/wp-json\/wp\/v2\/media?parent=4085"}],"wp:term":[{"taxonomy":"product_cat","embeddable":true,"href":"https:\/\/tributo.pl\/en\/wp-json\/wp\/v2\/product_cat?post=4085"},{"taxonomy":"product_tag","embeddable":true,"href":"https:\/\/tributo.pl\/en\/wp-json\/wp\/v2\/product_tag?post=4085"}],"curies":[{"name":"wp","href":"https:\/\/api.w.org\/{rel}","templated":true}]}}