{"id":3978,"date":"2023-09-27T11:56:07","date_gmt":"2023-09-27T09:56:07","guid":{"rendered":"https:\/\/tributo.pl\/?post_type=product&#038;p=3978"},"modified":"2024-11-28T08:19:31","modified_gmt":"2024-11-28T07:19:31","slug":"zestaw-3-procedury-2-checklisty","status":"publish","type":"product","link":"https:\/\/tributo.pl\/en\/produkt\/zestaw-3-procedury-2-checklisty\/","title":{"rendered":"ZESTAW &#8211; 3 procedury + 2 checklisty"},"content":{"rendered":"<p>Komplet procedur:<\/p>\n<ul>\n<li class=\"entry-title\"><a href=\"https:\/\/tributo.pl\/produkt\/checklista-procedura-zamkniecia-miesiaca-dla-kpir-i-ryczaltu\/\">Checklista \u2013 procedura zamkni\u0119cia miesi\u0105ca dla KPiR i rycza\u0142tu<\/a><\/li>\n<li class=\"entry-title\"><a href=\"https:\/\/tributo.pl\/produkt\/procedura-zamkniecia-miesiaca-dla-ksiag-handlowych\/\">Checklista -procedura zamkni\u0119cia miesi\u0105ca dla ksi\u0105g handlowych<\/a><\/li>\n<li class=\"entry-title\"><a href=\"https:\/\/tributo.pl\/produkt\/procedura-sporzadzenia-sprawozdania-finansowego\/\">Procedura sporz\u0105dzenia sprawozdania finansowego<\/a><\/li>\n<li class=\"entry-title\"><a href=\"https:\/\/tributo.pl\/produkt\/procedura-sporzadzenia-zeznania-rocznego-dla-klienta\/\">Procedura sporz\u0105dzenia zeznania rocznego dla klienta<\/a><\/li>\n<li class=\"entry-title\"><a href=\"https:\/\/tributo.pl\/produkt\/procedury-biura-rachunkowego\/\">Procedury Biura Rachunkowego<\/a><\/li>\n<\/ul>\n<p>&nbsp;<\/p>\n<p>Wszystkie dokumenty w formie edytowalnej z mo\u017cliwo\u015bci\u0105 dopasowania do indywidualnych potrzeb oraz wklejenia swojego logo.<\/p>\n","protected":false},"excerpt":{"rendered":"<p>Komplet procedur: Checklista \u2013 procedura zamkni\u0119cia miesi\u0105ca dla KPiR i rycza\u0142tu Checklista -procedura zamkni\u0119cia miesi\u0105ca dla ksi\u0105g handlowych Procedura sporz\u0105dzenia sprawozdania finansowego Procedura sporz\u0105dzenia zeznania rocznego dla klienta Procedury Biura Rachunkowego &nbsp; Wszystkie dokumenty w formie edytowalnej z mo\u017cliwo\u015bci\u0105 dopasowania do indywidualnych potrzeb oraz wklejenia swojego logo.<\/p>\n","protected":false},"featured_media":4665,"comment_status":"open","ping_status":"closed","template":"","meta":[],"product_cat":[42,41],"product_tag":[43],"class_list":{"0":"post-3978","1":"product","2":"type-product","3":"status-publish","4":"has-post-thumbnail","6":"product_cat-klient","7":"product_cat-rachunkowosc","8":"product_tag-rachunkowosc-podatki-checklista-biurorachunkowe-nalezytastarannosc","9":"hentry","11":"first","12":"instock","13":"downloadable","14":"shipping-taxable","15":"purchasable","16":"product-type-simple"},"_links":{"self":[{"href":"https:\/\/tributo.pl\/en\/wp-json\/wp\/v2\/product\/3978","targetHints":{"allow":["GET"]}}],"collection":[{"href":"https:\/\/tributo.pl\/en\/wp-json\/wp\/v2\/product"}],"about":[{"href":"https:\/\/tributo.pl\/en\/wp-json\/wp\/v2\/types\/product"}],"replies":[{"embeddable":true,"href":"https:\/\/tributo.pl\/en\/wp-json\/wp\/v2\/comments?post=3978"}],"wp:featuredmedia":[{"embeddable":true,"href":"https:\/\/tributo.pl\/en\/wp-json\/wp\/v2\/media\/4665"}],"wp:attachment":[{"href":"https:\/\/tributo.pl\/en\/wp-json\/wp\/v2\/media?parent=3978"}],"wp:term":[{"taxonomy":"product_cat","embeddable":true,"href":"https:\/\/tributo.pl\/en\/wp-json\/wp\/v2\/product_cat?post=3978"},{"taxonomy":"product_tag","embeddable":true,"href":"https:\/\/tributo.pl\/en\/wp-json\/wp\/v2\/product_tag?post=3978"}],"curies":[{"name":"wp","href":"https:\/\/api.w.org\/{rel}","templated":true}]}}