{"id":3974,"date":"2023-09-27T11:44:29","date_gmt":"2023-09-27T09:44:29","guid":{"rendered":"https:\/\/tributo.pl\/?post_type=product&#038;p=3974"},"modified":"2025-02-20T13:41:28","modified_gmt":"2025-02-20T12:41:28","slug":"procedury-biura-rachunkowego","status":"publish","type":"product","link":"https:\/\/tributo.pl\/en\/produkt\/procedury-biura-rachunkowego\/","title":{"rendered":"Procedury Biura Rachunkowego"},"content":{"rendered":"<div>Procedury biura rachunkowego usprawni\u0105 prac\u0119 ka\u017cdego biura.<\/div>\n<div><\/div>\n<div>Dzi\u0119ki tej procedurze, ka\u017cdy pracownik pozna procesy funkcjonuj\u0105ce w Twojej firmie. Dowie si\u0119 jak piszemy maile, odbieramy telefony, kto jest upowa\u017cniony do kontaktu z biurem, komu wyda\u0107 dokumenty, jak rozmawia\u0107 z klientami, jak ich przyjmowa\u0107, w jaki spos\u00f3b kontaktowa\u0107 si\u0119 z urz\u0119dami i jak post\u0119powa\u0107 w przypadku kontroli, jakie s\u0105 obowi\u0105zkowe wydruki do zapisywania oraz wiele innych zasad panuj\u0105cych w biurze na linii pracownik-pracodawca, pracownik-urz\u0119dnik, pracownik-klient, pracownik-pracownik.<\/div>\n<div>Zatrudniaj\u0105c kogo\u015b, dajesz t\u0105 procedur\u0119 do przeczytania i mo\u017cesz by\u0107 pewny, \u017ce nie wyda dokument\u00f3w nie tej osobie, albo \u017ce wpadnie do biura kto\u015b kto powie, \u017ce jest z CB\u015a i nim dojedziecie to jaki\u015b anonim zgarnie wszystkie Wasze fanty &#8211; no dobra, mo\u017ce i wyda, ale wtedy masz pewno\u015b\u0107, \u017ce ta osoba zosta\u0142a o wszystkim poinformowana.<\/div>\n<div><\/div>\n<div>Procedura jest w formie edytowalnej z mo\u017cliwo\u015bci\u0105 opracowania na w\u0142asne potrzeby i wklejenia logo.<\/div>\n","protected":false},"excerpt":{"rendered":"<p>Procedury biura rachunkowego usprawni\u0105 prac\u0119 ka\u017cdego biura. Dzi\u0119ki tej procedurze, ka\u017cdy pracownik pozna procesy funkcjonuj\u0105ce w Twojej firmie. Dowie si\u0119 jak piszemy maile, odbieramy telefony, kto jest upowa\u017cniony do kontaktu z biurem, komu wyda\u0107 dokumenty, jak rozmawia\u0107 z klientami, jak ich przyjmowa\u0107, w jaki spos\u00f3b kontaktowa\u0107 si\u0119 z urz\u0119dami i jak post\u0119powa\u0107 w przypadku kontroli, jakie s\u0105 obowi\u0105zkowe wydruki do zapisywania oraz wiele innych zasad&#8230; <\/p>\n<p class=\"more\"><a class=\"more-link\" href=\"https:\/\/tributo.pl\/en\/produkt\/procedury-biura-rachunkowego\/\">Read More<\/a><\/p>\n","protected":false},"featured_media":4668,"comment_status":"open","ping_status":"closed","template":"","meta":[],"product_cat":[31],"product_tag":[],"class_list":{"0":"post-3974","1":"product","2":"type-product","3":"status-publish","4":"has-post-thumbnail","6":"product_cat-bez-kategorii","7":"hentry","9":"first","10":"instock","11":"downloadable","12":"virtual","13":"purchasable","14":"product-type-simple"},"_links":{"self":[{"href":"https:\/\/tributo.pl\/en\/wp-json\/wp\/v2\/product\/3974","targetHints":{"allow":["GET"]}}],"collection":[{"href":"https:\/\/tributo.pl\/en\/wp-json\/wp\/v2\/product"}],"about":[{"href":"https:\/\/tributo.pl\/en\/wp-json\/wp\/v2\/types\/product"}],"replies":[{"embeddable":true,"href":"https:\/\/tributo.pl\/en\/wp-json\/wp\/v2\/comments?post=3974"}],"wp:featuredmedia":[{"embeddable":true,"href":"https:\/\/tributo.pl\/en\/wp-json\/wp\/v2\/media\/4668"}],"wp:attachment":[{"href":"https:\/\/tributo.pl\/en\/wp-json\/wp\/v2\/media?parent=3974"}],"wp:term":[{"taxonomy":"product_cat","embeddable":true,"href":"https:\/\/tributo.pl\/en\/wp-json\/wp\/v2\/product_cat?post=3974"},{"taxonomy":"product_tag","embeddable":true,"href":"https:\/\/tributo.pl\/en\/wp-json\/wp\/v2\/product_tag?post=3974"}],"curies":[{"name":"wp","href":"https:\/\/api.w.org\/{rel}","templated":true}]}}