{"id":3967,"date":"2023-09-27T11:13:04","date_gmt":"2023-09-27T09:13:04","guid":{"rendered":"https:\/\/tributo.pl\/?post_type=product&#038;p=3967"},"modified":"2025-01-02T12:17:45","modified_gmt":"2025-01-02T11:17:45","slug":"procedura-zamkniecia-miesiaca-dla-ksiag-handlowych","status":"publish","type":"product","link":"https:\/\/tributo.pl\/en\/produkt\/procedura-zamkniecia-miesiaca-dla-ksiag-handlowych\/","title":{"rendered":"Checklista -procedura zamkni\u0119cia miesi\u0105ca dla ksi\u0105g handlowych"},"content":{"rendered":"<p><strong>Procedura Zamkni\u0119cia Ksi\u0105g Handlowych i Wyliczenia Podatk\u00f3w \u2013 Zwi\u0119ksz Efektywno\u015b\u0107 i Minimalizuj Ryzyko B\u0142\u0119d\u00f3w w Ksi\u0119gowo\u015bci<\/strong><\/p>\n<p>Nasza <strong>procedura zamkni\u0119cia ksi\u0105g handlowych<\/strong> to niezb\u0119dne narz\u0119dzie, kt\u00f3re pomo\u017ce Ci skutecznie <strong>wyliczy\u0107 podatki<\/strong> i dok\u0142adnie zamkn\u0105\u0107 ksi\u0119gi rachunkowe. Dokument stanowi <strong>dow\u00f3d zachowania nale\u017cytej staranno\u015bci<\/strong> wobec ksi\u0105g klienta i zobowi\u0105zuje do systematycznej analizy sytuacji finansowej, co pozwala zminimalizowa\u0107 ryzyko przeoczenia istotnych kwestii, takich jak limity, koszty czy b\u0142\u0119dy w obliczeniach.<\/p>\n<p><strong>Co zawiera nasza procedura?<\/strong><\/p>\n<ul>\n<li><strong>31 szczeg\u00f3\u0142owych czynno\u015bci<\/strong>, kt\u00f3re nale\u017cy wykona\u0107 przed wyliczeniem deklaracji podatkowych, zapewniaj\u0105c rzetelno\u015b\u0107 ksi\u0119gowa\u0144.<\/li>\n<li><strong>Weryfikacja kluczowych aspekt\u00f3w<\/strong>, takich jak:\n<ul>\n<li><strong>Przekroczenie limitu do zwolnienia VAT<\/strong>,<\/li>\n<li><strong>Obowi\u0105zek instalacji kasy fiskalnej<\/strong>,<\/li>\n<li><strong>Z\u0142o\u017cenie deklaracji VAT UE<\/strong>,<\/li>\n<li><strong>Utrata statusu ma\u0142ego podatnika<\/strong>,<\/li>\n<li><strong>Weryfikacja sald<\/strong> przed zamkni\u0119ciem roku obrotowego.<\/li>\n<\/ul>\n<\/li>\n<\/ul>\n<p>Dzi\u0119ki tej procedurze proces <strong>zamkni\u0119cia roku ksi\u0119gowego<\/strong> oraz przygotowania <strong>sprawozda\u0144 finansowych<\/strong> stanie si\u0119 \u0142atwiejszy i bardziej precyzyjny. Procedura jest dost\u0119pna w <strong>wersji edytowalnej<\/strong>, co umo\u017cliwia pe\u0142ne dostosowanie do specyfiki biura rachunkowego oraz dodanie w\u0142asnego logo.<\/p>\n","protected":false},"excerpt":{"rendered":"<p>Procedura Zamkni\u0119cia Ksi\u0105g Handlowych i Wyliczenia Podatk\u00f3w<br \/>\nProfesjonalna procedura zamkni\u0119cia ksi\u0105g handlowych, kt\u00f3ra u\u0142atwia wyliczenie podatk\u00f3w i minimalizuje ryzyko b\u0142\u0119d\u00f3w. Zawiera 31 kluczowych czynno\u015bci do wykonania przed z\u0142o\u017ceniem deklaracji podatkowych, weryfikacj\u0119 wa\u017cnych kwestii, takich jak limity VAT, kasy fiskalne i status ma\u0142ego podatnika. Procedura w wersji edytowalnej, kt\u00f3r\u0105 mo\u017cna dostosowa\u0107 do indywidualnych potrzeb biura rachunkowego.<\/p>\n","protected":false},"featured_media":4669,"comment_status":"open","ping_status":"closed","template":"","meta":[],"product_cat":[31,41],"product_tag":[43],"class_list":{"0":"post-3967","1":"product","2":"type-product","3":"status-publish","4":"has-post-thumbnail","6":"product_cat-bez-kategorii","7":"product_cat-rachunkowosc","8":"product_tag-rachunkowosc-podatki-checklista-biurorachunkowe-nalezytastarannosc","9":"hentry","11":"first","12":"instock","13":"downloadable","14":"virtual","15":"purchasable","16":"product-type-simple"},"_links":{"self":[{"href":"https:\/\/tributo.pl\/en\/wp-json\/wp\/v2\/product\/3967","targetHints":{"allow":["GET"]}}],"collection":[{"href":"https:\/\/tributo.pl\/en\/wp-json\/wp\/v2\/product"}],"about":[{"href":"https:\/\/tributo.pl\/en\/wp-json\/wp\/v2\/types\/product"}],"replies":[{"embeddable":true,"href":"https:\/\/tributo.pl\/en\/wp-json\/wp\/v2\/comments?post=3967"}],"wp:featuredmedia":[{"embeddable":true,"href":"https:\/\/tributo.pl\/en\/wp-json\/wp\/v2\/media\/4669"}],"wp:attachment":[{"href":"https:\/\/tributo.pl\/en\/wp-json\/wp\/v2\/media?parent=3967"}],"wp:term":[{"taxonomy":"product_cat","embeddable":true,"href":"https:\/\/tributo.pl\/en\/wp-json\/wp\/v2\/product_cat?post=3967"},{"taxonomy":"product_tag","embeddable":true,"href":"https:\/\/tributo.pl\/en\/wp-json\/wp\/v2\/product_tag?post=3967"}],"curies":[{"name":"wp","href":"https:\/\/api.w.org\/{rel}","templated":true}]}}