{"id":3961,"date":"2023-09-27T11:00:57","date_gmt":"2023-09-27T09:00:57","guid":{"rendered":"https:\/\/tributo.pl\/?post_type=product&#038;p=3961"},"modified":"2026-01-27T20:00:34","modified_gmt":"2026-01-27T19:00:34","slug":"procedura-sporzadzenia-sprawozdania-finansowego","status":"publish","type":"product","link":"https:\/\/tributo.pl\/en\/produkt\/procedura-sporzadzenia-sprawozdania-finansowego\/","title":{"rendered":"Procedura sporz\u0105dzenia sprawozdania finansowego"},"content":{"rendered":"<p><strong>Procedura Sporz\u0105dzania Sprawozdania Finansowego \u2013 Kompleksowe Wsparcie dla Biur Rachunkowych i Ksi\u0119gowych<\/strong><\/p>\n<p>Stw\u00f3rz <strong>sprawozdanie finansowe<\/strong> zgodnie z najwy\u017cszymi standardami i obowi\u0105zuj\u0105cymi przepisami dzi\u0119ki naszej profesjonalnej procedurze. To niezast\u0105pione narz\u0119dzie dla biur rachunkowych i ksi\u0119gowych, kt\u00f3re pragn\u0105 zapewni\u0107 swoim klientom najwy\u017csz\u0105 jako\u015b\u0107 us\u0142ug, minimalizuj\u0105c ryzyko b\u0142\u0119d\u00f3w.<\/p>\n<p><strong>Co zyskujesz?<\/strong><\/p>\n<ul>\n<li><strong>Pe\u0142ne wsparcie merytoryczne<\/strong> \u2013 szczeg\u00f3\u0142owe wytyczne dotycz\u0105ce analizy zespo\u0142\u00f3w kont, por\u00f3wna\u0144 z zestawieniami oraz przeprowadzania inwentaryzacji sald.<\/li>\n<li><strong>Minimalizacja ryzyka b\u0142\u0119d\u00f3w<\/strong> \u2013 pomoc w spe\u0142nieniu wymog\u00f3w ustawy o rachunkowo\u015bci, zachowanie nale\u017cytej staranno\u015bci na ka\u017cdym etapie sporz\u0105dzania sprawozdania.<\/li>\n<li><strong>Uniwersalno\u015b\u0107<\/strong> \u2013 procedura jest idealna zar\u00f3wno dla do\u015bwiadczonych ksi\u0119gowych, jak i os\u00f3b ucz\u0105cych si\u0119 sporz\u0105dzania sprawozda\u0144 finansowych, obejmuj\u0105c analiz\u0119 ZSO, a\u017c po wczytanie sprawozdania do KRS.<\/li>\n<li><strong>Dostosowanie do potrzeb firmy<\/strong> \u2013 edytowalny dokument, kt\u00f3ry mo\u017cesz spersonalizowa\u0107 i opatrzy\u0107 logo swojego biura rachunkowego.<\/li>\n<\/ul>\n<p><strong>Dla kogo jest ta procedura?<\/strong> Procedura sprawdzi si\u0119 doskonale w przypadku sporz\u0105dzania sprawozdania finansowego, gdy nie wyst\u0119puj\u0105 zmiany w kapitale w\u0142asnym i nie jest wymagane badanie przez bieg\u0142ego rewidenta.<\/p>\n<p>Nie ryzykuj pomy\u0142ek \u2013 zyskaj pewno\u015b\u0107, \u017ce ka\u017cde sporz\u0105dzone sprawozdanie finansowe b\u0119dzie zgodne z przepisami. Pobierz nasz\u0105 procedur\u0119 i podnie\u015b jako\u015b\u0107 swojej pracy ju\u017c teraz!<\/p>\n","protected":false},"excerpt":{"rendered":"<p><strong>Procedura Sporz\u0105dzania Sprawozdania Finansowego<\/strong><br \/>\nProfesjonalna procedura sporz\u0105dzania sprawozdania finansowego, kt\u00f3ra zapewnia zgodno\u015b\u0107 z obowi\u0105zuj\u0105cymi przepisami. Oferuje szczeg\u00f3\u0142owe wytyczne dotycz\u0105ce analizy kont, inwentaryzacji sald oraz wczytania sprawozdania do KRS. Idealna dla biur rachunkowych i ksi\u0119gowych, zar\u00f3wno do\u015bwiadczonych, jak i ucz\u0105cych si\u0119. Edytowalny dokument do \u0142atwego dostosowania i personalizacji.<\/p>\n","protected":false},"featured_media":6576,"comment_status":"open","ping_status":"closed","template":"","meta":[],"product_cat":[41],"product_tag":[43],"class_list":{"0":"post-3961","1":"product","2":"type-product","3":"status-publish","4":"has-post-thumbnail","6":"product_cat-rachunkowosc","7":"product_tag-rachunkowosc-podatki-checklista-biurorachunkowe-nalezytastarannosc","8":"hentry","10":"first","11":"instock","12":"downloadable","13":"virtual","14":"purchasable","15":"product-type-simple"},"_links":{"self":[{"href":"https:\/\/tributo.pl\/en\/wp-json\/wp\/v2\/product\/3961","targetHints":{"allow":["GET"]}}],"collection":[{"href":"https:\/\/tributo.pl\/en\/wp-json\/wp\/v2\/product"}],"about":[{"href":"https:\/\/tributo.pl\/en\/wp-json\/wp\/v2\/types\/product"}],"replies":[{"embeddable":true,"href":"https:\/\/tributo.pl\/en\/wp-json\/wp\/v2\/comments?post=3961"}],"wp:featuredmedia":[{"embeddable":true,"href":"https:\/\/tributo.pl\/en\/wp-json\/wp\/v2\/media\/6576"}],"wp:attachment":[{"href":"https:\/\/tributo.pl\/en\/wp-json\/wp\/v2\/media?parent=3961"}],"wp:term":[{"taxonomy":"product_cat","embeddable":true,"href":"https:\/\/tributo.pl\/en\/wp-json\/wp\/v2\/product_cat?post=3961"},{"taxonomy":"product_tag","embeddable":true,"href":"https:\/\/tributo.pl\/en\/wp-json\/wp\/v2\/product_tag?post=3961"}],"curies":[{"name":"wp","href":"https:\/\/api.w.org\/{rel}","templated":true}]}}