{"id":3958,"date":"2023-09-26T16:22:55","date_gmt":"2023-09-26T14:22:55","guid":{"rendered":"https:\/\/tributo.pl\/?post_type=product&#038;p=3958"},"modified":"2026-02-12T08:51:35","modified_gmt":"2026-02-12T07:51:35","slug":"procedura-sporzadzenia-zeznania-rocznego-dla-klienta","status":"publish","type":"product","link":"https:\/\/tributo.pl\/en\/produkt\/procedura-sporzadzenia-zeznania-rocznego-dla-klienta\/","title":{"rendered":"Procedura sporz\u0105dzenia zeznania rocznego dla klienta"},"content":{"rendered":"<div class=\"flex max-w-full flex-col flex-grow\">\n<div class=\"min-h-8 text-message flex w-full flex-col items-end gap-2 whitespace-normal break-words [.text-message+&amp;]:mt-5\" dir=\"auto\" data-message-author-role=\"assistant\" data-message-id=\"748817c4-93c3-474e-bbd4-f27100eab50d\" data-message-model-slug=\"gpt-4o\">\n<div class=\"flex w-full flex-col gap-1 empty:hidden first:pt-[3px]\">\n<div class=\"markdown prose w-full break-words dark:prose-invert light\">\n<p><strong>Zadbaj o Profesjonalizm i Bezpiecze\u0144stwo z Procedur\u0105 Zeznania Rocznego<\/strong><\/p>\n<p>Przygotowanie zeznania rocznego jeszcze nigdy nie by\u0142o tak proste i skuteczne! Nasza procedura to kompleksowy wykaz czynno\u015bci, kt\u00f3re pozwol\u0105 Ci dochowa\u0107 najwy\u017cszej staranno\u015bci podczas sporz\u0105dzania zezna\u0144 rocznych dla klient\u00f3w.<\/p>\n<h3>Dlaczego warto?<\/h3>\n<p>\u2705 <strong>Minimalizacja ryzyka b\u0142\u0119d\u00f3w<\/strong> \u2013 Zweryfikuj zaliczki, odliczenia i naliczenia, by unikn\u0105\u0107 konieczno\u015bci korekt.<br \/>\n\u2705 <strong>Profesjonalizm w ka\u017cdym detalu<\/strong> \u2013 Upewnij si\u0119, \u017ce Twoje us\u0142ugi spe\u0142niaj\u0105 najwy\u017csze standardy.<br \/>\n\u2705 <strong>Elastyczno\u015b\u0107<\/strong> \u2013 Otrzymujesz edytowalny dokument, kt\u00f3ry dopasujesz do specyfiki swojego biura rachunkowego i wzbogacisz o swoje logo.<\/p>\n<p>Zapewnij sobie i swoim klientom spok\u00f3j dzi\u0119ki przemy\u015blanej procedurze, kt\u00f3ra chroni przed pomy\u0142kami i podnosi jako\u015b\u0107 obs\u0142ugi. Pobierz, dostosuj i korzystaj!<\/p>\n<\/div>\n<\/div>\n<\/div>\n<\/div>\n<div class=\"mb-2 flex gap-3 empty:hidden -ml-2\">\n<div class=\"items-center justify-start rounded-xl p-1 flex\">\n<div class=\"flex items-center\"><\/div>\n<\/div>\n<\/div>\n<p>&nbsp;<\/p>\n<section class=\"related products\"><\/section>\n","protected":false},"excerpt":{"rendered":"<p>Zadbaj o Profesjonalizm i Bezpiecze\u0144stwo z Procedur\u0105 Zeznania Rocznego Przygotowanie zeznania rocznego jeszcze nigdy nie by\u0142o tak proste i skuteczne! Nasza procedura to kompleksowy wykaz czynno\u015bci, kt\u00f3re pozwol\u0105 Ci dochowa\u0107 najwy\u017cszej staranno\u015bci podczas sporz\u0105dzania zezna\u0144 rocznych dla klient\u00f3w. Dlaczego warto? \u2705 Minimalizacja ryzyka b\u0142\u0119d\u00f3w \u2013 Zweryfikuj zaliczki, odliczenia i naliczenia, by unikn\u0105\u0107 konieczno\u015bci korekt. \u2705 Profesjonalizm w ka\u017cdym detalu \u2013 Upewnij si\u0119, \u017ce Twoje us\u0142ugi&#8230; <\/p>\n<p class=\"more\"><a class=\"more-link\" href=\"https:\/\/tributo.pl\/en\/produkt\/procedura-sporzadzenia-zeznania-rocznego-dla-klienta\/\">Read More<\/a><\/p>\n","protected":false},"featured_media":4671,"comment_status":"open","ping_status":"closed","template":"","meta":[],"product_cat":[41],"product_tag":[43],"class_list":{"0":"post-3958","1":"product","2":"type-product","3":"status-publish","4":"has-post-thumbnail","6":"product_cat-rachunkowosc","7":"product_tag-rachunkowosc-podatki-checklista-biurorachunkowe-nalezytastarannosc","8":"hentry","10":"first","11":"instock","12":"downloadable","13":"virtual","14":"purchasable","15":"product-type-simple"},"_links":{"self":[{"href":"https:\/\/tributo.pl\/en\/wp-json\/wp\/v2\/product\/3958","targetHints":{"allow":["GET"]}}],"collection":[{"href":"https:\/\/tributo.pl\/en\/wp-json\/wp\/v2\/product"}],"about":[{"href":"https:\/\/tributo.pl\/en\/wp-json\/wp\/v2\/types\/product"}],"replies":[{"embeddable":true,"href":"https:\/\/tributo.pl\/en\/wp-json\/wp\/v2\/comments?post=3958"}],"wp:featuredmedia":[{"embeddable":true,"href":"https:\/\/tributo.pl\/en\/wp-json\/wp\/v2\/media\/4671"}],"wp:attachment":[{"href":"https:\/\/tributo.pl\/en\/wp-json\/wp\/v2\/media?parent=3958"}],"wp:term":[{"taxonomy":"product_cat","embeddable":true,"href":"https:\/\/tributo.pl\/en\/wp-json\/wp\/v2\/product_cat?post=3958"},{"taxonomy":"product_tag","embeddable":true,"href":"https:\/\/tributo.pl\/en\/wp-json\/wp\/v2\/product_tag?post=3958"}],"curies":[{"name":"wp","href":"https:\/\/api.w.org\/{rel}","templated":true}]}}